{"id":70,"date":"2019-09-23T09:06:09","date_gmt":"2019-09-23T13:06:47","guid":{"rendered":"https:\/\/starregistry.preprod.libeo.com\/?post_type=product&#038;p=70"},"modified":"2025-02-05T09:36:57","modified_gmt":"2025-02-05T14:36:57","slug":"trousse-detoile","status":"publish","type":"product","link":"https:\/\/starregistry.ca\/fr\/boutique\/trousse-detoile\/","title":{"rendered":"Trousse d&rsquo;\u00e9toile r\u00e9guli\u00e8re"},"content":{"rendered":"<h2>Que contient votre\u00a0trousse?<\/h2>\n<p>Votre trousse d\u2019\u00e9toile comprendra un magnifique <strong>certificat<\/strong> de 30 x 40 cm (12 x 16 po.) imprim\u00e9 en couleurs, et portant le nom que vous aurez choisi pour l\u2019\u00e9toile, la date \u00e0 laquelle vous d\u00e9sirez que le nouveau nom entre en vigueur et les coordonn\u00e9es de l\u2019\u00e9toile que nous aurons nomm\u00e9e pour vous. Le certificat sera pr\u00e9par\u00e9 en fran\u00e7ais ou en anglais, \u00e0 votre choix.<\/p>\n<p>Votre trousse-cadeau comprendra aussi une <strong>carte c\u00e9leste<\/strong> personnalis\u00e9e de 30 x 40 cm (12 x 16 po.) , indiquant le nom donn\u00e9 \u00e0 l\u2019\u00e9toile et la date de d\u00e9signation. La carte montrera la constellation o\u00f9 l\u2019\u00e9toile est situ\u00e9e, et son emplacement exact sera encercl\u00e9 en rouge, pour que vous ayez plus de facilit\u00e9 \u00e0 la trouver.<\/p>\n<p>Les documents seront accompagn\u00e9s d\u2019un petit livret d\u2019information (offert en anglais seulement) portant sur l\u2019astronomie, et contenant quelques cartes du ciel suppl\u00e9mentaires. Enfin, vous trouverez dans votre trousse-cadeau une lettre explicative.<\/p>\n","protected":false},"excerpt":{"rendered":"<p>Nommer une \u00e9toile est un geste d\u2019amour, de respect, de comm\u00e9moration. En nommant une \u00e9toile, vous faites concr\u00e8tement preuve de vos sentiments, et vous le faites pour l\u2019\u00e9ternit\u00e9 : les \u00e9toiles nomm\u00e9es gardent leur nom pour toujours. L\u2019\u00e9toile que nous nommerons sera aussi unique que la personne \u00e0 laquelle vous l\u2019offrez.<\/p>\n","protected":false},"featured_media":407,"template":"","meta":[],"product_brand":[],"product_cat":[17],"product_tag":[],"class_list":{"0":"post-70","1":"product","2":"type-product","3":"status-publish","4":"has-post-thumbnail","6":"product_cat-non-classifiee","8":"first","9":"instock","10":"taxable","11":"shipping-taxable","12":"purchasable","13":"product-type-simple"},"yoast_head":"<!-- This site is optimized with the Yoast SEO plugin v25.4 - https:\/\/yoast.com\/wordpress\/plugins\/seo\/ -->\n<title>Trousse d&#039;\u00e9toile r\u00e9guli\u00e8re - International Star Registry<\/title>\n<meta name=\"description\" content=\"Nommer une \u00e9toile est un geste d\u2019amour, de respect, de comm\u00e9moration. En nommant une \u00e9toile, vous faites concr\u00e8tement preuve de vos sentiments, et vous le faites pour l\u2019\u00e9ternit\u00e9 : les \u00e9toiles nomm\u00e9es gardent leur nom pour toujours. L\u2019\u00e9toile que nous nommerons sera aussi unique que la personne \u00e0 laquelle vous l\u2019offrez.\" \/>\n<meta name=\"robots\" content=\"index, follow, max-snippet:-1, max-image-preview:large, max-video-preview:-1\" \/>\n<link rel=\"canonical\" href=\"https:\/\/starregistry.ca\/fr\/boutique\/trousse-detoile\/\" \/>\n<meta property=\"og:locale\" content=\"fr_CA\" \/>\n<meta property=\"og:type\" content=\"article\" \/>\n<meta property=\"og:title\" content=\"Trousse d&#039;\u00e9toile r\u00e9guli\u00e8re - International Star Registry\" \/>\n<meta property=\"og:description\" content=\"Nommer une \u00e9toile est un geste d\u2019amour, de respect, de comm\u00e9moration. En nommant une \u00e9toile, vous faites concr\u00e8tement preuve de vos sentiments, et vous le faites pour l\u2019\u00e9ternit\u00e9 : les \u00e9toiles nomm\u00e9es gardent leur nom pour toujours. L\u2019\u00e9toile que nous nommerons sera aussi unique que la personne \u00e0 laquelle vous l\u2019offrez.\" \/>\n<meta property=\"og:url\" content=\"https:\/\/starregistry.ca\/fr\/boutique\/trousse-detoile\/\" \/>\n<meta property=\"og:site_name\" content=\"International Star Registry\" \/>\n<meta property=\"article:publisher\" content=\"https:\/\/www.facebook.com\/International-Star-Registry-Canada-103650701297428\" \/>\n<meta property=\"article:modified_time\" content=\"2025-02-05T14:36:57+00:00\" \/>\n<meta property=\"og:image\" content=\"http:\/\/starregistry.ca\/wp-content\/uploads\/2019\/12\/final_images_highres-14-1-1024x683.jpg\" \/>\n\t<meta property=\"og:image:width\" content=\"1024\" \/>\n\t<meta property=\"og:image:height\" content=\"683\" \/>\n\t<meta property=\"og:image:type\" content=\"image\/jpeg\" \/>\n<meta name=\"twitter:card\" content=\"summary_large_image\" \/>\n<meta name=\"twitter:label1\" content=\"Est. reading time\" \/>\n\t<meta name=\"twitter:data1\" content=\"1 minute\" \/>\n<script type=\"application\/ld+json\" class=\"yoast-schema-graph\">{\"@context\":\"https:\/\/schema.org\",\"@graph\":[{\"@type\":\"WebPage\",\"@id\":\"https:\/\/starregistry.ca\/fr\/boutique\/trousse-detoile\/\",\"url\":\"https:\/\/starregistry.ca\/fr\/boutique\/trousse-detoile\/\",\"name\":\"Trousse d'\u00e9toile r\u00e9guli\u00e8re - International Star Registry\",\"isPartOf\":{\"@id\":\"https:\/\/starregistry.ca\/#website\"},\"primaryImageOfPage\":{\"@id\":\"https:\/\/starregistry.ca\/fr\/boutique\/trousse-detoile\/#primaryimage\"},\"image\":{\"@id\":\"https:\/\/starregistry.ca\/fr\/boutique\/trousse-detoile\/#primaryimage\"},\"thumbnailUrl\":\"https:\/\/starregistry.ca\/wp-content\/uploads\/2019\/12\/final_images_highres-14-1.jpg\",\"datePublished\":\"2019-09-23T13:06:47+00:00\",\"dateModified\":\"2025-02-05T14:36:57+00:00\",\"description\":\"Nommer une \u00e9toile est un geste d\u2019amour, de respect, de comm\u00e9moration. En nommant une \u00e9toile, vous faites concr\u00e8tement preuve de vos sentiments, et vous le faites pour l\u2019\u00e9ternit\u00e9 : les \u00e9toiles nomm\u00e9es gardent leur nom pour toujours. L\u2019\u00e9toile que nous nommerons sera aussi unique que la personne \u00e0 laquelle vous l\u2019offrez.\",\"breadcrumb\":{\"@id\":\"https:\/\/starregistry.ca\/fr\/boutique\/trousse-detoile\/#breadcrumb\"},\"inLanguage\":\"fr-CA\",\"potentialAction\":[{\"@type\":\"ReadAction\",\"target\":[\"https:\/\/starregistry.ca\/fr\/boutique\/trousse-detoile\/\"]}]},{\"@type\":\"ImageObject\",\"inLanguage\":\"fr-CA\",\"@id\":\"https:\/\/starregistry.ca\/fr\/boutique\/trousse-detoile\/#primaryimage\",\"url\":\"https:\/\/starregistry.ca\/wp-content\/uploads\/2019\/12\/final_images_highres-14-1.jpg\",\"contentUrl\":\"https:\/\/starregistry.ca\/wp-content\/uploads\/2019\/12\/final_images_highres-14-1.jpg\",\"width\":6588,\"height\":4392},{\"@type\":\"BreadcrumbList\",\"@id\":\"https:\/\/starregistry.ca\/fr\/boutique\/trousse-detoile\/#breadcrumb\",\"itemListElement\":[{\"@type\":\"ListItem\",\"position\":1,\"name\":\"Home\",\"item\":\"https:\/\/starregistry.ca\/fr\/\"},{\"@type\":\"ListItem\",\"position\":2,\"name\":\"Boutique\",\"item\":\"https:\/\/starregistry.ca\/fr\/boutique\/\"},{\"@type\":\"ListItem\",\"position\":3,\"name\":\"Trousse d&#8217;\u00e9toile r\u00e9guli\u00e8re\"}]},{\"@type\":\"WebSite\",\"@id\":\"https:\/\/starregistry.ca\/#website\",\"url\":\"https:\/\/starregistry.ca\/\",\"name\":\"Canada International Star Registry\",\"description\":\"\",\"publisher\":{\"@id\":\"https:\/\/starregistry.ca\/#organization\"},\"potentialAction\":[{\"@type\":\"SearchAction\",\"target\":{\"@type\":\"EntryPoint\",\"urlTemplate\":\"https:\/\/starregistry.ca\/?s={search_term_string}\"},\"query-input\":{\"@type\":\"PropertyValueSpecification\",\"valueRequired\":true,\"valueName\":\"search_term_string\"}}],\"inLanguage\":\"fr-CA\"},{\"@type\":\"Organization\",\"@id\":\"https:\/\/starregistry.ca\/#organization\",\"name\":\"International Star Registry Canada\",\"url\":\"https:\/\/starregistry.ca\/\",\"logo\":{\"@type\":\"ImageObject\",\"inLanguage\":\"fr-CA\",\"@id\":\"https:\/\/starregistry.ca\/#\/schema\/logo\/image\/\",\"url\":\"https:\/\/starregistry.ca\/wp-content\/uploads\/2020\/02\/logo-black.png\",\"contentUrl\":\"https:\/\/starregistry.ca\/wp-content\/uploads\/2020\/02\/logo-black.png\",\"width\":400,\"height\":271,\"caption\":\"International Star Registry Canada\"},\"image\":{\"@id\":\"https:\/\/starregistry.ca\/#\/schema\/logo\/image\/\"},\"sameAs\":[\"https:\/\/www.facebook.com\/International-Star-Registry-Canada-103650701297428\"]}]}<\/script>\n<!-- \/ Yoast SEO plugin. -->","yoast_head_json":{"title":"Trousse d'\u00e9toile r\u00e9guli\u00e8re - International Star Registry","description":"Nommer une \u00e9toile est un geste d\u2019amour, de respect, de comm\u00e9moration. En nommant une \u00e9toile, vous faites concr\u00e8tement preuve de vos sentiments, et vous le faites pour l\u2019\u00e9ternit\u00e9 : les \u00e9toiles nomm\u00e9es gardent leur nom pour toujours. L\u2019\u00e9toile que nous nommerons sera aussi unique que la personne \u00e0 laquelle vous l\u2019offrez.","robots":{"index":"index","follow":"follow","max-snippet":"max-snippet:-1","max-image-preview":"max-image-preview:large","max-video-preview":"max-video-preview:-1"},"canonical":"https:\/\/starregistry.ca\/fr\/boutique\/trousse-detoile\/","og_locale":"fr_CA","og_type":"article","og_title":"Trousse d'\u00e9toile r\u00e9guli\u00e8re - International Star Registry","og_description":"Nommer une \u00e9toile est un geste d\u2019amour, de respect, de comm\u00e9moration. En nommant une \u00e9toile, vous faites concr\u00e8tement preuve de vos sentiments, et vous le faites pour l\u2019\u00e9ternit\u00e9 : les \u00e9toiles nomm\u00e9es gardent leur nom pour toujours. L\u2019\u00e9toile que nous nommerons sera aussi unique que la personne \u00e0 laquelle vous l\u2019offrez.","og_url":"https:\/\/starregistry.ca\/fr\/boutique\/trousse-detoile\/","og_site_name":"International Star Registry","article_publisher":"https:\/\/www.facebook.com\/International-Star-Registry-Canada-103650701297428","article_modified_time":"2025-02-05T14:36:57+00:00","og_image":[{"width":1024,"height":683,"url":"http:\/\/starregistry.ca\/wp-content\/uploads\/2019\/12\/final_images_highres-14-1-1024x683.jpg","type":"image\/jpeg"}],"twitter_card":"summary_large_image","twitter_misc":{"Est. reading time":"1 minute"},"schema":{"@context":"https:\/\/schema.org","@graph":[{"@type":"WebPage","@id":"https:\/\/starregistry.ca\/fr\/boutique\/trousse-detoile\/","url":"https:\/\/starregistry.ca\/fr\/boutique\/trousse-detoile\/","name":"Trousse d'\u00e9toile r\u00e9guli\u00e8re - International Star Registry","isPartOf":{"@id":"https:\/\/starregistry.ca\/#website"},"primaryImageOfPage":{"@id":"https:\/\/starregistry.ca\/fr\/boutique\/trousse-detoile\/#primaryimage"},"image":{"@id":"https:\/\/starregistry.ca\/fr\/boutique\/trousse-detoile\/#primaryimage"},"thumbnailUrl":"https:\/\/starregistry.ca\/wp-content\/uploads\/2019\/12\/final_images_highres-14-1.jpg","datePublished":"2019-09-23T13:06:47+00:00","dateModified":"2025-02-05T14:36:57+00:00","description":"Nommer une \u00e9toile est un geste d\u2019amour, de respect, de comm\u00e9moration. En nommant une \u00e9toile, vous faites concr\u00e8tement preuve de vos sentiments, et vous le faites pour l\u2019\u00e9ternit\u00e9 : les \u00e9toiles nomm\u00e9es gardent leur nom pour toujours. L\u2019\u00e9toile que nous nommerons sera aussi unique que la personne \u00e0 laquelle vous l\u2019offrez.","breadcrumb":{"@id":"https:\/\/starregistry.ca\/fr\/boutique\/trousse-detoile\/#breadcrumb"},"inLanguage":"fr-CA","potentialAction":[{"@type":"ReadAction","target":["https:\/\/starregistry.ca\/fr\/boutique\/trousse-detoile\/"]}]},{"@type":"ImageObject","inLanguage":"fr-CA","@id":"https:\/\/starregistry.ca\/fr\/boutique\/trousse-detoile\/#primaryimage","url":"https:\/\/starregistry.ca\/wp-content\/uploads\/2019\/12\/final_images_highres-14-1.jpg","contentUrl":"https:\/\/starregistry.ca\/wp-content\/uploads\/2019\/12\/final_images_highres-14-1.jpg","width":6588,"height":4392},{"@type":"BreadcrumbList","@id":"https:\/\/starregistry.ca\/fr\/boutique\/trousse-detoile\/#breadcrumb","itemListElement":[{"@type":"ListItem","position":1,"name":"Home","item":"https:\/\/starregistry.ca\/fr\/"},{"@type":"ListItem","position":2,"name":"Boutique","item":"https:\/\/starregistry.ca\/fr\/boutique\/"},{"@type":"ListItem","position":3,"name":"Trousse d&#8217;\u00e9toile r\u00e9guli\u00e8re"}]},{"@type":"WebSite","@id":"https:\/\/starregistry.ca\/#website","url":"https:\/\/starregistry.ca\/","name":"Canada International Star Registry","description":"","publisher":{"@id":"https:\/\/starregistry.ca\/#organization"},"potentialAction":[{"@type":"SearchAction","target":{"@type":"EntryPoint","urlTemplate":"https:\/\/starregistry.ca\/?s={search_term_string}"},"query-input":{"@type":"PropertyValueSpecification","valueRequired":true,"valueName":"search_term_string"}}],"inLanguage":"fr-CA"},{"@type":"Organization","@id":"https:\/\/starregistry.ca\/#organization","name":"International Star Registry Canada","url":"https:\/\/starregistry.ca\/","logo":{"@type":"ImageObject","inLanguage":"fr-CA","@id":"https:\/\/starregistry.ca\/#\/schema\/logo\/image\/","url":"https:\/\/starregistry.ca\/wp-content\/uploads\/2020\/02\/logo-black.png","contentUrl":"https:\/\/starregistry.ca\/wp-content\/uploads\/2020\/02\/logo-black.png","width":400,"height":271,"caption":"International Star Registry Canada"},"image":{"@id":"https:\/\/starregistry.ca\/#\/schema\/logo\/image\/"},"sameAs":["https:\/\/www.facebook.com\/International-Star-Registry-Canada-103650701297428"]}]}},"_links":{"self":[{"href":"https:\/\/starregistry.ca\/fr\/wp-json\/wp\/v2\/product\/70","targetHints":{"allow":["GET"]}}],"collection":[{"href":"https:\/\/starregistry.ca\/fr\/wp-json\/wp\/v2\/product"}],"about":[{"href":"https:\/\/starregistry.ca\/fr\/wp-json\/wp\/v2\/types\/product"}],"wp:featuredmedia":[{"embeddable":true,"href":"https:\/\/starregistry.ca\/fr\/wp-json\/wp\/v2\/media\/407"}],"wp:attachment":[{"href":"https:\/\/starregistry.ca\/fr\/wp-json\/wp\/v2\/media?parent=70"}],"wp:term":[{"taxonomy":"product_brand","embeddable":true,"href":"https:\/\/starregistry.ca\/fr\/wp-json\/wp\/v2\/product_brand?post=70"},{"taxonomy":"product_cat","embeddable":true,"href":"https:\/\/starregistry.ca\/fr\/wp-json\/wp\/v2\/product_cat?post=70"},{"taxonomy":"product_tag","embeddable":true,"href":"https:\/\/starregistry.ca\/fr\/wp-json\/wp\/v2\/product_tag?post=70"}],"curies":[{"name":"wp","href":"https:\/\/api.w.org\/{rel}","templated":true}]}}