{"id":6331,"date":"2026-02-18T14:38:46","date_gmt":"2026-02-18T19:38:46","guid":{"rendered":"https:\/\/starregistry.ca\/?post_type=product&#038;p=6331"},"modified":"2026-02-18T14:41:10","modified_gmt":"2026-02-18T19:41:10","slug":"carte-de-note","status":"publish","type":"product","link":"https:\/\/starregistry.ca\/fr\/boutique\/carte-de-note\/","title":{"rendered":"Carte de note"},"content":{"rendered":"<div data-test-render-count=\"2\">\n<div class=\"mb-1 mt-1\">\n<div class=\"\">\n<div class=\"group relative inline-flex gap-2 bg-bg-300 rounded-xl pl-2.5 py-2.5 break-words text-text-100 transition-all max-w-[75ch] flex-col pr-6\">\n<div class=\"flex flex-row gap-2 relative\">\n<div class=\"flex-1\">\ud83c\udf81 <strong>Un petit ajout. Un grand impact \u00e9motionnel.<\/strong><\/div>\n<div><\/div>\n<div class=\"flex-1\">Ajoutez des cartes de note personnalis\u00e9es suppl\u00e9mentaires et rendez votre Forfait \u00c9toile encore plus inoubliable.<\/div>\n<div><\/div>\n<div class=\"flex-1\">Taille : 5,5&Prime; x 4&Prime;<\/div>\n<div><\/div>\n<div class=\"flex-1\">Enveloppe blanche incluse<\/div>\n<\/div>\n<\/div>\n<\/div>\n<\/div>\n<\/div>\n","protected":false},"excerpt":{"rendered":"<p>\ud83c\udf81 Un petit ajout. Un grand impact \u00e9motionnel. Ajoutez des cartes de note personnalis\u00e9es suppl\u00e9mentaires et rendez votre Forfait \u00c9toile encore plus inoubliable. Taille : 5,5&Prime; x 4&Prime; Enveloppe blanche incluse<\/p>\n","protected":false},"featured_media":6325,"template":"","meta":[],"product_brand":[],"product_cat":[17],"product_tag":[],"class_list":{"0":"post-6331","1":"product","2":"type-product","3":"status-publish","4":"has-post-thumbnail","6":"product_cat-non-classifiee","8":"first","9":"instock","10":"virtual","11":"taxable","12":"purchasable","13":"product-type-simple"},"yoast_head":"<!-- This site is optimized with the Yoast SEO plugin v25.4 - https:\/\/yoast.com\/wordpress\/plugins\/seo\/ -->\n<title>Carte de note - International Star Registry<\/title>\n<meta name=\"robots\" content=\"index, follow, max-snippet:-1, max-image-preview:large, max-video-preview:-1\" \/>\n<link rel=\"canonical\" href=\"https:\/\/starregistry.ca\/fr\/boutique\/carte-de-note\/\" \/>\n<meta property=\"og:locale\" content=\"fr_CA\" \/>\n<meta property=\"og:type\" content=\"article\" \/>\n<meta property=\"og:title\" content=\"Carte de note - International Star Registry\" \/>\n<meta property=\"og:description\" content=\"\ud83c\udf81 Un petit ajout. Un grand impact \u00e9motionnel. Ajoutez des cartes de note personnalis\u00e9es suppl\u00e9mentaires et rendez votre Forfait \u00c9toile encore plus inoubliable. Taille : 5,5&Prime; x 4&Prime; Enveloppe blanche incluse\" \/>\n<meta property=\"og:url\" content=\"https:\/\/starregistry.ca\/fr\/boutique\/carte-de-note\/\" \/>\n<meta property=\"og:site_name\" content=\"International Star Registry\" \/>\n<meta property=\"article:publisher\" content=\"https:\/\/www.facebook.com\/International-Star-Registry-Canada-103650701297428\" \/>\n<meta property=\"article:modified_time\" content=\"2026-02-18T19:41:10+00:00\" \/>\n<meta property=\"og:image\" content=\"http:\/\/starregistry.ca\/wp-content\/uploads\/2026\/02\/Front-card.jpg\" \/>\n\t<meta property=\"og:image:width\" content=\"1000\" \/>\n\t<meta property=\"og:image:height\" content=\"1000\" \/>\n\t<meta property=\"og:image:type\" content=\"image\/jpeg\" \/>\n<meta name=\"twitter:card\" content=\"summary_large_image\" \/>\n<meta name=\"twitter:label1\" content=\"Est. reading time\" \/>\n\t<meta name=\"twitter:data1\" content=\"1 minute\" \/>\n<script type=\"application\/ld+json\" class=\"yoast-schema-graph\">{\"@context\":\"https:\/\/schema.org\",\"@graph\":[{\"@type\":\"WebPage\",\"@id\":\"https:\/\/starregistry.ca\/fr\/boutique\/carte-de-note\/\",\"url\":\"https:\/\/starregistry.ca\/fr\/boutique\/carte-de-note\/\",\"name\":\"Carte de note - International Star Registry\",\"isPartOf\":{\"@id\":\"https:\/\/starregistry.ca\/#website\"},\"primaryImageOfPage\":{\"@id\":\"https:\/\/starregistry.ca\/fr\/boutique\/carte-de-note\/#primaryimage\"},\"image\":{\"@id\":\"https:\/\/starregistry.ca\/fr\/boutique\/carte-de-note\/#primaryimage\"},\"thumbnailUrl\":\"https:\/\/starregistry.ca\/wp-content\/uploads\/2026\/02\/Front-card.jpg\",\"datePublished\":\"2026-02-18T19:38:46+00:00\",\"dateModified\":\"2026-02-18T19:41:10+00:00\",\"breadcrumb\":{\"@id\":\"https:\/\/starregistry.ca\/fr\/boutique\/carte-de-note\/#breadcrumb\"},\"inLanguage\":\"fr-CA\",\"potentialAction\":[{\"@type\":\"ReadAction\",\"target\":[\"https:\/\/starregistry.ca\/fr\/boutique\/carte-de-note\/\"]}]},{\"@type\":\"ImageObject\",\"inLanguage\":\"fr-CA\",\"@id\":\"https:\/\/starregistry.ca\/fr\/boutique\/carte-de-note\/#primaryimage\",\"url\":\"https:\/\/starregistry.ca\/wp-content\/uploads\/2026\/02\/Front-card.jpg\",\"contentUrl\":\"https:\/\/starregistry.ca\/wp-content\/uploads\/2026\/02\/Front-card.jpg\",\"width\":1000,\"height\":1000},{\"@type\":\"BreadcrumbList\",\"@id\":\"https:\/\/starregistry.ca\/fr\/boutique\/carte-de-note\/#breadcrumb\",\"itemListElement\":[{\"@type\":\"ListItem\",\"position\":1,\"name\":\"Home\",\"item\":\"https:\/\/starregistry.ca\/fr\/\"},{\"@type\":\"ListItem\",\"position\":2,\"name\":\"Boutique\",\"item\":\"https:\/\/starregistry.ca\/fr\/boutique\/\"},{\"@type\":\"ListItem\",\"position\":3,\"name\":\"Carte de note\"}]},{\"@type\":\"WebSite\",\"@id\":\"https:\/\/starregistry.ca\/#website\",\"url\":\"https:\/\/starregistry.ca\/\",\"name\":\"Canada International Star Registry\",\"description\":\"\",\"publisher\":{\"@id\":\"https:\/\/starregistry.ca\/#organization\"},\"potentialAction\":[{\"@type\":\"SearchAction\",\"target\":{\"@type\":\"EntryPoint\",\"urlTemplate\":\"https:\/\/starregistry.ca\/?s={search_term_string}\"},\"query-input\":{\"@type\":\"PropertyValueSpecification\",\"valueRequired\":true,\"valueName\":\"search_term_string\"}}],\"inLanguage\":\"fr-CA\"},{\"@type\":\"Organization\",\"@id\":\"https:\/\/starregistry.ca\/#organization\",\"name\":\"International Star Registry Canada\",\"url\":\"https:\/\/starregistry.ca\/\",\"logo\":{\"@type\":\"ImageObject\",\"inLanguage\":\"fr-CA\",\"@id\":\"https:\/\/starregistry.ca\/#\/schema\/logo\/image\/\",\"url\":\"https:\/\/starregistry.ca\/wp-content\/uploads\/2020\/02\/logo-black.png\",\"contentUrl\":\"https:\/\/starregistry.ca\/wp-content\/uploads\/2020\/02\/logo-black.png\",\"width\":400,\"height\":271,\"caption\":\"International Star Registry Canada\"},\"image\":{\"@id\":\"https:\/\/starregistry.ca\/#\/schema\/logo\/image\/\"},\"sameAs\":[\"https:\/\/www.facebook.com\/International-Star-Registry-Canada-103650701297428\"]}]}<\/script>\n<!-- \/ Yoast SEO plugin. -->","yoast_head_json":{"title":"Carte de note - International Star Registry","robots":{"index":"index","follow":"follow","max-snippet":"max-snippet:-1","max-image-preview":"max-image-preview:large","max-video-preview":"max-video-preview:-1"},"canonical":"https:\/\/starregistry.ca\/fr\/boutique\/carte-de-note\/","og_locale":"fr_CA","og_type":"article","og_title":"Carte de note - International Star Registry","og_description":"\ud83c\udf81 Un petit ajout. Un grand impact \u00e9motionnel. Ajoutez des cartes de note personnalis\u00e9es suppl\u00e9mentaires et rendez votre Forfait \u00c9toile encore plus inoubliable. Taille : 5,5&Prime; x 4&Prime; Enveloppe blanche incluse","og_url":"https:\/\/starregistry.ca\/fr\/boutique\/carte-de-note\/","og_site_name":"International Star Registry","article_publisher":"https:\/\/www.facebook.com\/International-Star-Registry-Canada-103650701297428","article_modified_time":"2026-02-18T19:41:10+00:00","og_image":[{"width":1000,"height":1000,"url":"http:\/\/starregistry.ca\/wp-content\/uploads\/2026\/02\/Front-card.jpg","type":"image\/jpeg"}],"twitter_card":"summary_large_image","twitter_misc":{"Est. reading time":"1 minute"},"schema":{"@context":"https:\/\/schema.org","@graph":[{"@type":"WebPage","@id":"https:\/\/starregistry.ca\/fr\/boutique\/carte-de-note\/","url":"https:\/\/starregistry.ca\/fr\/boutique\/carte-de-note\/","name":"Carte de note - International Star Registry","isPartOf":{"@id":"https:\/\/starregistry.ca\/#website"},"primaryImageOfPage":{"@id":"https:\/\/starregistry.ca\/fr\/boutique\/carte-de-note\/#primaryimage"},"image":{"@id":"https:\/\/starregistry.ca\/fr\/boutique\/carte-de-note\/#primaryimage"},"thumbnailUrl":"https:\/\/starregistry.ca\/wp-content\/uploads\/2026\/02\/Front-card.jpg","datePublished":"2026-02-18T19:38:46+00:00","dateModified":"2026-02-18T19:41:10+00:00","breadcrumb":{"@id":"https:\/\/starregistry.ca\/fr\/boutique\/carte-de-note\/#breadcrumb"},"inLanguage":"fr-CA","potentialAction":[{"@type":"ReadAction","target":["https:\/\/starregistry.ca\/fr\/boutique\/carte-de-note\/"]}]},{"@type":"ImageObject","inLanguage":"fr-CA","@id":"https:\/\/starregistry.ca\/fr\/boutique\/carte-de-note\/#primaryimage","url":"https:\/\/starregistry.ca\/wp-content\/uploads\/2026\/02\/Front-card.jpg","contentUrl":"https:\/\/starregistry.ca\/wp-content\/uploads\/2026\/02\/Front-card.jpg","width":1000,"height":1000},{"@type":"BreadcrumbList","@id":"https:\/\/starregistry.ca\/fr\/boutique\/carte-de-note\/#breadcrumb","itemListElement":[{"@type":"ListItem","position":1,"name":"Home","item":"https:\/\/starregistry.ca\/fr\/"},{"@type":"ListItem","position":2,"name":"Boutique","item":"https:\/\/starregistry.ca\/fr\/boutique\/"},{"@type":"ListItem","position":3,"name":"Carte de note"}]},{"@type":"WebSite","@id":"https:\/\/starregistry.ca\/#website","url":"https:\/\/starregistry.ca\/","name":"Canada International Star Registry","description":"","publisher":{"@id":"https:\/\/starregistry.ca\/#organization"},"potentialAction":[{"@type":"SearchAction","target":{"@type":"EntryPoint","urlTemplate":"https:\/\/starregistry.ca\/?s={search_term_string}"},"query-input":{"@type":"PropertyValueSpecification","valueRequired":true,"valueName":"search_term_string"}}],"inLanguage":"fr-CA"},{"@type":"Organization","@id":"https:\/\/starregistry.ca\/#organization","name":"International Star Registry Canada","url":"https:\/\/starregistry.ca\/","logo":{"@type":"ImageObject","inLanguage":"fr-CA","@id":"https:\/\/starregistry.ca\/#\/schema\/logo\/image\/","url":"https:\/\/starregistry.ca\/wp-content\/uploads\/2020\/02\/logo-black.png","contentUrl":"https:\/\/starregistry.ca\/wp-content\/uploads\/2020\/02\/logo-black.png","width":400,"height":271,"caption":"International Star Registry Canada"},"image":{"@id":"https:\/\/starregistry.ca\/#\/schema\/logo\/image\/"},"sameAs":["https:\/\/www.facebook.com\/International-Star-Registry-Canada-103650701297428"]}]}},"_links":{"self":[{"href":"https:\/\/starregistry.ca\/fr\/wp-json\/wp\/v2\/product\/6331","targetHints":{"allow":["GET"]}}],"collection":[{"href":"https:\/\/starregistry.ca\/fr\/wp-json\/wp\/v2\/product"}],"about":[{"href":"https:\/\/starregistry.ca\/fr\/wp-json\/wp\/v2\/types\/product"}],"wp:featuredmedia":[{"embeddable":true,"href":"https:\/\/starregistry.ca\/fr\/wp-json\/wp\/v2\/media\/6325"}],"wp:attachment":[{"href":"https:\/\/starregistry.ca\/fr\/wp-json\/wp\/v2\/media?parent=6331"}],"wp:term":[{"taxonomy":"product_brand","embeddable":true,"href":"https:\/\/starregistry.ca\/fr\/wp-json\/wp\/v2\/product_brand?post=6331"},{"taxonomy":"product_cat","embeddable":true,"href":"https:\/\/starregistry.ca\/fr\/wp-json\/wp\/v2\/product_cat?post=6331"},{"taxonomy":"product_tag","embeddable":true,"href":"https:\/\/starregistry.ca\/fr\/wp-json\/wp\/v2\/product_tag?post=6331"}],"curies":[{"name":"wp","href":"https:\/\/api.w.org\/{rel}","templated":true}]}}