{"id":6163,"date":"2025-12-07T10:12:10","date_gmt":"2025-12-07T15:12:10","guid":{"rendered":"https:\/\/starregistry.ca\/?post_type=product&#038;p=6163"},"modified":"2025-12-07T10:21:16","modified_gmt":"2025-12-07T15:21:16","slug":"pochette-officielle-isr-pour-souvenirs","status":"publish","type":"product","link":"https:\/\/starregistry.ca\/fr\/boutique\/pochette-officielle-isr-pour-souvenirs\/","title":{"rendered":"Pochette Officielle ISR pour Souvenirs"},"content":{"rendered":"<div data-test-render-count=\"2\">\n<div class=\"mb-1 mt-1\">\n<div class=\"\">\n<div class=\"group relative inline-flex gap-2 bg-bg-300 rounded-xl pl-2.5 py-2.5 break-words text-text-100 transition-all max-w-[75ch] flex-col pr-6\">\n<div class=\"flex flex-row gap-2 relative\">\n<div class=\"flex-1\">\n<div class=\"font-large !font-user-message grid grid-cols-1 gap-2 py-0.5 relative\" data-testid=\"user-message\">\n<p class=\"whitespace-pre-wrap break-words\">Gardez vos <strong>TR\u00c9SORS<\/strong> pr\u00e8s de votre c\u0153ur.<\/p>\n<p class=\"whitespace-pre-wrap break-words\">Cette exquise pochette en velours bleu royal de<strong> 9 x 12 cm<\/strong> est con\u00e7ue pour prot\u00e9ger vos souvenirs les plus pr\u00e9cieux. Orn\u00e9e du logo \u00e9l\u00e9gant brod\u00e9 de <em><strong>l&rsquo;International Star Registry<\/strong><\/em>, cette pochette compacte est parfaite pour ranger des bijoux, de petits souvenirs ou des objets sentimentaux qui comptent \u00e9norm\u00e9ment pour vous.<\/p>\n<p class=\"whitespace-pre-wrap break-words\">Le velours doux et luxueux ainsi que la fermeture \u00e0 cordon s\u00e9curis\u00e9e garantissent que vos objets ch\u00e9ris restent prot\u00e9g\u00e9s et \u00e0 l&rsquo;abri de la poussi\u00e8re, tandis que la riche couleur bleu c\u00e9leste vous rappelle que certaines choses sont v\u00e9ritablement intemporelles.<\/p>\n<p class=\"whitespace-pre-wrap break-words\">Qu&rsquo;il s&rsquo;agisse d&rsquo;un m\u00e9daillon, d&rsquo;une bague sp\u00e9ciale, d&rsquo;un charme significatif ou de tout petit tr\u00e9sor qui raconte votre histoire, cette pochette \u00e9l\u00e9gante offre l&rsquo;\u00e9crin parfait. Car les plus petits souvenirs renferment souvent les plus grands moments.<\/p>\n<\/div>\n<\/div>\n<\/div>\n<\/div>\n<\/div>\n<\/div>\n<\/div>\n","protected":false},"excerpt":{"rendered":"<p>Gardez vos TR\u00c9SORS pr\u00e8s de votre c\u0153ur. Cette exquise pochette en velours bleu royal de 9 x 12 cm est con\u00e7ue pour prot\u00e9ger vos souvenirs les plus pr\u00e9cieux. Orn\u00e9e du logo \u00e9l\u00e9gant brod\u00e9 de l&rsquo;International Star Registry, cette pochette compacte est parfaite pour ranger des bijoux, de petits souvenirs ou des objets sentimentaux qui comptent [&hellip;]<\/p>\n","protected":false},"featured_media":6161,"template":"","meta":[],"product_brand":[],"product_cat":[17],"product_tag":[],"class_list":{"0":"post-6163","1":"product","2":"type-product","3":"status-publish","4":"has-post-thumbnail","6":"product_cat-non-classifiee","8":"first","9":"instock","10":"virtual","11":"taxable","12":"purchasable","13":"product-type-simple"},"yoast_head":"<!-- This site is optimized with the Yoast SEO plugin v25.4 - https:\/\/yoast.com\/wordpress\/plugins\/seo\/ -->\n<title>Pochette Officielle ISR pour Souvenirs - International Star Registry<\/title>\n<meta name=\"robots\" content=\"index, follow, max-snippet:-1, max-image-preview:large, max-video-preview:-1\" \/>\n<link rel=\"canonical\" href=\"https:\/\/starregistry.ca\/fr\/boutique\/pochette-officielle-isr-pour-souvenirs\/\" \/>\n<meta property=\"og:locale\" content=\"fr_CA\" \/>\n<meta property=\"og:type\" content=\"article\" \/>\n<meta property=\"og:title\" content=\"Pochette Officielle ISR pour Souvenirs - International Star Registry\" \/>\n<meta property=\"og:description\" content=\"Gardez vos TR\u00c9SORS pr\u00e8s de votre c\u0153ur. Cette exquise pochette en velours bleu royal de 9 x 12 cm est con\u00e7ue pour prot\u00e9ger vos souvenirs les plus pr\u00e9cieux. Orn\u00e9e du logo \u00e9l\u00e9gant brod\u00e9 de l&rsquo;International Star Registry, cette pochette compacte est parfaite pour ranger des bijoux, de petits souvenirs ou des objets sentimentaux qui comptent [&hellip;]\" \/>\n<meta property=\"og:url\" content=\"https:\/\/starregistry.ca\/fr\/boutique\/pochette-officielle-isr-pour-souvenirs\/\" \/>\n<meta property=\"og:site_name\" content=\"International Star Registry\" \/>\n<meta property=\"article:publisher\" content=\"https:\/\/www.facebook.com\/International-Star-Registry-Canada-103650701297428\" \/>\n<meta property=\"article:modified_time\" content=\"2025-12-07T15:21:16+00:00\" \/>\n<meta property=\"og:image\" content=\"http:\/\/starregistry.ca\/wp-content\/uploads\/2025\/12\/IMG_20251207_0947562-896x1024.jpg\" \/>\n\t<meta property=\"og:image:width\" content=\"896\" \/>\n\t<meta property=\"og:image:height\" content=\"1024\" \/>\n\t<meta property=\"og:image:type\" content=\"image\/jpeg\" \/>\n<meta name=\"twitter:card\" content=\"summary_large_image\" \/>\n<meta name=\"twitter:label1\" content=\"Est. reading time\" \/>\n\t<meta name=\"twitter:data1\" content=\"1 minute\" \/>\n<script type=\"application\/ld+json\" class=\"yoast-schema-graph\">{\"@context\":\"https:\/\/schema.org\",\"@graph\":[{\"@type\":\"WebPage\",\"@id\":\"https:\/\/starregistry.ca\/fr\/boutique\/pochette-officielle-isr-pour-souvenirs\/\",\"url\":\"https:\/\/starregistry.ca\/fr\/boutique\/pochette-officielle-isr-pour-souvenirs\/\",\"name\":\"Pochette Officielle ISR pour Souvenirs - International Star Registry\",\"isPartOf\":{\"@id\":\"https:\/\/starregistry.ca\/#website\"},\"primaryImageOfPage\":{\"@id\":\"https:\/\/starregistry.ca\/fr\/boutique\/pochette-officielle-isr-pour-souvenirs\/#primaryimage\"},\"image\":{\"@id\":\"https:\/\/starregistry.ca\/fr\/boutique\/pochette-officielle-isr-pour-souvenirs\/#primaryimage\"},\"thumbnailUrl\":\"https:\/\/starregistry.ca\/wp-content\/uploads\/2025\/12\/IMG_20251207_0947562-scaled.jpg\",\"datePublished\":\"2025-12-07T15:12:10+00:00\",\"dateModified\":\"2025-12-07T15:21:16+00:00\",\"breadcrumb\":{\"@id\":\"https:\/\/starregistry.ca\/fr\/boutique\/pochette-officielle-isr-pour-souvenirs\/#breadcrumb\"},\"inLanguage\":\"fr-CA\",\"potentialAction\":[{\"@type\":\"ReadAction\",\"target\":[\"https:\/\/starregistry.ca\/fr\/boutique\/pochette-officielle-isr-pour-souvenirs\/\"]}]},{\"@type\":\"ImageObject\",\"inLanguage\":\"fr-CA\",\"@id\":\"https:\/\/starregistry.ca\/fr\/boutique\/pochette-officielle-isr-pour-souvenirs\/#primaryimage\",\"url\":\"https:\/\/starregistry.ca\/wp-content\/uploads\/2025\/12\/IMG_20251207_0947562-scaled.jpg\",\"contentUrl\":\"https:\/\/starregistry.ca\/wp-content\/uploads\/2025\/12\/IMG_20251207_0947562-scaled.jpg\",\"width\":2241,\"height\":2560},{\"@type\":\"BreadcrumbList\",\"@id\":\"https:\/\/starregistry.ca\/fr\/boutique\/pochette-officielle-isr-pour-souvenirs\/#breadcrumb\",\"itemListElement\":[{\"@type\":\"ListItem\",\"position\":1,\"name\":\"Home\",\"item\":\"https:\/\/starregistry.ca\/fr\/\"},{\"@type\":\"ListItem\",\"position\":2,\"name\":\"Boutique\",\"item\":\"https:\/\/starregistry.ca\/fr\/boutique\/\"},{\"@type\":\"ListItem\",\"position\":3,\"name\":\"Pochette Officielle ISR pour Souvenirs\"}]},{\"@type\":\"WebSite\",\"@id\":\"https:\/\/starregistry.ca\/#website\",\"url\":\"https:\/\/starregistry.ca\/\",\"name\":\"Canada International Star Registry\",\"description\":\"\",\"publisher\":{\"@id\":\"https:\/\/starregistry.ca\/#organization\"},\"potentialAction\":[{\"@type\":\"SearchAction\",\"target\":{\"@type\":\"EntryPoint\",\"urlTemplate\":\"https:\/\/starregistry.ca\/?s={search_term_string}\"},\"query-input\":{\"@type\":\"PropertyValueSpecification\",\"valueRequired\":true,\"valueName\":\"search_term_string\"}}],\"inLanguage\":\"fr-CA\"},{\"@type\":\"Organization\",\"@id\":\"https:\/\/starregistry.ca\/#organization\",\"name\":\"International Star Registry Canada\",\"url\":\"https:\/\/starregistry.ca\/\",\"logo\":{\"@type\":\"ImageObject\",\"inLanguage\":\"fr-CA\",\"@id\":\"https:\/\/starregistry.ca\/#\/schema\/logo\/image\/\",\"url\":\"https:\/\/starregistry.ca\/wp-content\/uploads\/2020\/02\/logo-black.png\",\"contentUrl\":\"https:\/\/starregistry.ca\/wp-content\/uploads\/2020\/02\/logo-black.png\",\"width\":400,\"height\":271,\"caption\":\"International Star Registry Canada\"},\"image\":{\"@id\":\"https:\/\/starregistry.ca\/#\/schema\/logo\/image\/\"},\"sameAs\":[\"https:\/\/www.facebook.com\/International-Star-Registry-Canada-103650701297428\"]}]}<\/script>\n<!-- \/ Yoast SEO plugin. -->","yoast_head_json":{"title":"Pochette Officielle ISR pour Souvenirs - International Star Registry","robots":{"index":"index","follow":"follow","max-snippet":"max-snippet:-1","max-image-preview":"max-image-preview:large","max-video-preview":"max-video-preview:-1"},"canonical":"https:\/\/starregistry.ca\/fr\/boutique\/pochette-officielle-isr-pour-souvenirs\/","og_locale":"fr_CA","og_type":"article","og_title":"Pochette Officielle ISR pour Souvenirs - International Star Registry","og_description":"Gardez vos TR\u00c9SORS pr\u00e8s de votre c\u0153ur. Cette exquise pochette en velours bleu royal de 9 x 12 cm est con\u00e7ue pour prot\u00e9ger vos souvenirs les plus pr\u00e9cieux. Orn\u00e9e du logo \u00e9l\u00e9gant brod\u00e9 de l&rsquo;International Star Registry, cette pochette compacte est parfaite pour ranger des bijoux, de petits souvenirs ou des objets sentimentaux qui comptent [&hellip;]","og_url":"https:\/\/starregistry.ca\/fr\/boutique\/pochette-officielle-isr-pour-souvenirs\/","og_site_name":"International Star Registry","article_publisher":"https:\/\/www.facebook.com\/International-Star-Registry-Canada-103650701297428","article_modified_time":"2025-12-07T15:21:16+00:00","og_image":[{"width":896,"height":1024,"url":"http:\/\/starregistry.ca\/wp-content\/uploads\/2025\/12\/IMG_20251207_0947562-896x1024.jpg","type":"image\/jpeg"}],"twitter_card":"summary_large_image","twitter_misc":{"Est. reading time":"1 minute"},"schema":{"@context":"https:\/\/schema.org","@graph":[{"@type":"WebPage","@id":"https:\/\/starregistry.ca\/fr\/boutique\/pochette-officielle-isr-pour-souvenirs\/","url":"https:\/\/starregistry.ca\/fr\/boutique\/pochette-officielle-isr-pour-souvenirs\/","name":"Pochette Officielle ISR pour Souvenirs - International Star Registry","isPartOf":{"@id":"https:\/\/starregistry.ca\/#website"},"primaryImageOfPage":{"@id":"https:\/\/starregistry.ca\/fr\/boutique\/pochette-officielle-isr-pour-souvenirs\/#primaryimage"},"image":{"@id":"https:\/\/starregistry.ca\/fr\/boutique\/pochette-officielle-isr-pour-souvenirs\/#primaryimage"},"thumbnailUrl":"https:\/\/starregistry.ca\/wp-content\/uploads\/2025\/12\/IMG_20251207_0947562-scaled.jpg","datePublished":"2025-12-07T15:12:10+00:00","dateModified":"2025-12-07T15:21:16+00:00","breadcrumb":{"@id":"https:\/\/starregistry.ca\/fr\/boutique\/pochette-officielle-isr-pour-souvenirs\/#breadcrumb"},"inLanguage":"fr-CA","potentialAction":[{"@type":"ReadAction","target":["https:\/\/starregistry.ca\/fr\/boutique\/pochette-officielle-isr-pour-souvenirs\/"]}]},{"@type":"ImageObject","inLanguage":"fr-CA","@id":"https:\/\/starregistry.ca\/fr\/boutique\/pochette-officielle-isr-pour-souvenirs\/#primaryimage","url":"https:\/\/starregistry.ca\/wp-content\/uploads\/2025\/12\/IMG_20251207_0947562-scaled.jpg","contentUrl":"https:\/\/starregistry.ca\/wp-content\/uploads\/2025\/12\/IMG_20251207_0947562-scaled.jpg","width":2241,"height":2560},{"@type":"BreadcrumbList","@id":"https:\/\/starregistry.ca\/fr\/boutique\/pochette-officielle-isr-pour-souvenirs\/#breadcrumb","itemListElement":[{"@type":"ListItem","position":1,"name":"Home","item":"https:\/\/starregistry.ca\/fr\/"},{"@type":"ListItem","position":2,"name":"Boutique","item":"https:\/\/starregistry.ca\/fr\/boutique\/"},{"@type":"ListItem","position":3,"name":"Pochette Officielle ISR pour Souvenirs"}]},{"@type":"WebSite","@id":"https:\/\/starregistry.ca\/#website","url":"https:\/\/starregistry.ca\/","name":"Canada International Star Registry","description":"","publisher":{"@id":"https:\/\/starregistry.ca\/#organization"},"potentialAction":[{"@type":"SearchAction","target":{"@type":"EntryPoint","urlTemplate":"https:\/\/starregistry.ca\/?s={search_term_string}"},"query-input":{"@type":"PropertyValueSpecification","valueRequired":true,"valueName":"search_term_string"}}],"inLanguage":"fr-CA"},{"@type":"Organization","@id":"https:\/\/starregistry.ca\/#organization","name":"International Star Registry Canada","url":"https:\/\/starregistry.ca\/","logo":{"@type":"ImageObject","inLanguage":"fr-CA","@id":"https:\/\/starregistry.ca\/#\/schema\/logo\/image\/","url":"https:\/\/starregistry.ca\/wp-content\/uploads\/2020\/02\/logo-black.png","contentUrl":"https:\/\/starregistry.ca\/wp-content\/uploads\/2020\/02\/logo-black.png","width":400,"height":271,"caption":"International Star Registry Canada"},"image":{"@id":"https:\/\/starregistry.ca\/#\/schema\/logo\/image\/"},"sameAs":["https:\/\/www.facebook.com\/International-Star-Registry-Canada-103650701297428"]}]}},"_links":{"self":[{"href":"https:\/\/starregistry.ca\/fr\/wp-json\/wp\/v2\/product\/6163","targetHints":{"allow":["GET"]}}],"collection":[{"href":"https:\/\/starregistry.ca\/fr\/wp-json\/wp\/v2\/product"}],"about":[{"href":"https:\/\/starregistry.ca\/fr\/wp-json\/wp\/v2\/types\/product"}],"wp:featuredmedia":[{"embeddable":true,"href":"https:\/\/starregistry.ca\/fr\/wp-json\/wp\/v2\/media\/6161"}],"wp:attachment":[{"href":"https:\/\/starregistry.ca\/fr\/wp-json\/wp\/v2\/media?parent=6163"}],"wp:term":[{"taxonomy":"product_brand","embeddable":true,"href":"https:\/\/starregistry.ca\/fr\/wp-json\/wp\/v2\/product_brand?post=6163"},{"taxonomy":"product_cat","embeddable":true,"href":"https:\/\/starregistry.ca\/fr\/wp-json\/wp\/v2\/product_cat?post=6163"},{"taxonomy":"product_tag","embeddable":true,"href":"https:\/\/starregistry.ca\/fr\/wp-json\/wp\/v2\/product_tag?post=6163"}],"curies":[{"name":"wp","href":"https:\/\/api.w.org\/{rel}","templated":true}]}}