{"id":6127,"date":"2025-11-30T16:37:05","date_gmt":"2025-11-30T21:37:05","guid":{"rendered":"https:\/\/starregistry.ca\/?post_type=product&#038;p=6127"},"modified":"2025-12-01T09:01:19","modified_gmt":"2025-12-01T14:01:19","slug":"porte-cles-signes-du-zodiaque-souvenir-cosmique-personnalise","status":"publish","type":"product","link":"https:\/\/starregistry.ca\/fr\/boutique\/porte-cles-signes-du-zodiaque-souvenir-cosmique-personnalise\/","title":{"rendered":"Porte-cl\u00e9s Signes du Zodiaque \u2013 Souvenir cosmique personnalis\u00e9"},"content":{"rendered":"<p class=\"font-claude-response-body whitespace-normal break-words\">\u2728 Porte-cl\u00e9s Signes du Zodiaque (anglais) \u2013 Souvenir cosmique personnalis\u00e9 \u2728<\/p>\n<p class=\"font-claude-response-body whitespace-normal break-words\">Emportez vos \u00e9toiles partout avec vous! \ud83c\udf1f Ces magnifiques porte-cl\u00e9s Signes du Zodiaque sont le m\u00e9lange parfait de style, de sens et de charme c\u00e9leste. Chaque porte-cl\u00e9s arbore votre symbole unique du zodiaque sur le devant, tandis que le logo officiel de l&rsquo;International Star Registry brille fi\u00e8rement au dos \u2014 une marque d&rsquo;authenticit\u00e9 de qualit\u00e9 stellaire.<\/p>\n<p class=\"font-claude-response-body whitespace-normal break-words\">\ud83d\udcab Caract\u00e9ristiques :<\/p>\n<ul class=\"[&amp;:not(:last-child)_ul]:pb-1 [&amp;:not(:last-child)_ol]:pb-1 list-disc space-y-2.5 pl-7\">\n<li class=\"whitespace-normal break-words\">Fini m\u00e9tallique haut de gamme avec design d\u00e9taill\u00e9 du zodiaque<\/li>\n<li class=\"whitespace-normal break-words\">Logo officiel de l&rsquo;International Star Registry au verso<\/li>\n<li class=\"whitespace-normal break-words\">Durable, l\u00e9ger et parfait pour un usage quotidien<\/li>\n<li class=\"whitespace-normal break-words\">Id\u00e9al pour les cl\u00e9s, les sacs ou comme cadeau significatif<\/li>\n<\/ul>\n<p class=\"font-claude-response-body whitespace-normal break-words\">\ud83c\udf81 Parfait pour : Les passionn\u00e9s d&rsquo;astrologie, les amoureux des \u00e9toiles ou toute personne qui croit au pouvoir du cosmos.<\/p>\n<p class=\"font-claude-response-body whitespace-normal break-words\">\u2728 Affichez votre signe \u2014 parce que votre destin\u00e9e m\u00e9rite de briller!<\/p>\n","protected":false},"excerpt":{"rendered":"<p>\u2728 Porte-cl\u00e9s Signes du Zodiaque (anglais) \u2013 Souvenir cosmique personnalis\u00e9 \u2728 Emportez vos \u00e9toiles partout avec vous! \ud83c\udf1f Ces magnifiques porte-cl\u00e9s Signes du Zodiaque sont le m\u00e9lange parfait de style, de sens et de charme c\u00e9leste. Chaque porte-cl\u00e9s arbore votre symbole unique du zodiaque sur le devant, tandis que le logo officiel de l&rsquo;International Star [&hellip;]<\/p>\n","protected":false},"featured_media":6103,"template":"","meta":[],"product_brand":[],"product_cat":[17],"product_tag":[],"class_list":{"0":"post-6127","1":"product","2":"type-product","3":"status-publish","4":"has-post-thumbnail","6":"product_cat-non-classifiee","8":"first","9":"instock","10":"virtual","11":"taxable","12":"purchasable","13":"product-type-simple"},"yoast_head":"<!-- This site is optimized with the Yoast SEO plugin v25.4 - https:\/\/yoast.com\/wordpress\/plugins\/seo\/ -->\n<title>Porte-cl\u00e9s Signes du Zodiaque \u2013 Souvenir cosmique personnalis\u00e9 - International Star Registry<\/title>\n<meta name=\"robots\" content=\"index, follow, max-snippet:-1, max-image-preview:large, max-video-preview:-1\" \/>\n<link rel=\"canonical\" href=\"https:\/\/starregistry.ca\/fr\/boutique\/porte-cles-signes-du-zodiaque-souvenir-cosmique-personnalise\/\" \/>\n<meta property=\"og:locale\" content=\"fr_CA\" \/>\n<meta property=\"og:type\" content=\"article\" \/>\n<meta property=\"og:title\" content=\"Porte-cl\u00e9s Signes du Zodiaque \u2013 Souvenir cosmique personnalis\u00e9 - International Star Registry\" \/>\n<meta property=\"og:description\" content=\"\u2728 Porte-cl\u00e9s Signes du Zodiaque (anglais) \u2013 Souvenir cosmique personnalis\u00e9 \u2728 Emportez vos \u00e9toiles partout avec vous! \ud83c\udf1f Ces magnifiques porte-cl\u00e9s Signes du Zodiaque sont le m\u00e9lange parfait de style, de sens et de charme c\u00e9leste. Chaque porte-cl\u00e9s arbore votre symbole unique du zodiaque sur le devant, tandis que le logo officiel de l&rsquo;International Star [&hellip;]\" \/>\n<meta property=\"og:url\" content=\"https:\/\/starregistry.ca\/fr\/boutique\/porte-cles-signes-du-zodiaque-souvenir-cosmique-personnalise\/\" \/>\n<meta property=\"og:site_name\" content=\"International Star Registry\" \/>\n<meta property=\"article:publisher\" content=\"https:\/\/www.facebook.com\/International-Star-Registry-Canada-103650701297428\" \/>\n<meta property=\"article:modified_time\" content=\"2025-12-01T14:01:19+00:00\" \/>\n<meta property=\"og:image\" content=\"http:\/\/starregistry.ca\/wp-content\/uploads\/2025\/11\/IMG_20251130_1021272.jpg\" \/>\n\t<meta property=\"og:image:width\" content=\"1859\" \/>\n\t<meta property=\"og:image:height\" content=\"1859\" \/>\n\t<meta property=\"og:image:type\" content=\"image\/jpeg\" \/>\n<meta name=\"twitter:card\" content=\"summary_large_image\" \/>\n<meta name=\"twitter:label1\" content=\"Est. reading time\" \/>\n\t<meta name=\"twitter:data1\" content=\"1 minute\" \/>\n<script type=\"application\/ld+json\" class=\"yoast-schema-graph\">{\"@context\":\"https:\/\/schema.org\",\"@graph\":[{\"@type\":\"WebPage\",\"@id\":\"https:\/\/starregistry.ca\/fr\/boutique\/porte-cles-signes-du-zodiaque-souvenir-cosmique-personnalise\/\",\"url\":\"https:\/\/starregistry.ca\/fr\/boutique\/porte-cles-signes-du-zodiaque-souvenir-cosmique-personnalise\/\",\"name\":\"Porte-cl\u00e9s Signes du Zodiaque \u2013 Souvenir cosmique personnalis\u00e9 - International Star Registry\",\"isPartOf\":{\"@id\":\"https:\/\/starregistry.ca\/#website\"},\"primaryImageOfPage\":{\"@id\":\"https:\/\/starregistry.ca\/fr\/boutique\/porte-cles-signes-du-zodiaque-souvenir-cosmique-personnalise\/#primaryimage\"},\"image\":{\"@id\":\"https:\/\/starregistry.ca\/fr\/boutique\/porte-cles-signes-du-zodiaque-souvenir-cosmique-personnalise\/#primaryimage\"},\"thumbnailUrl\":\"https:\/\/starregistry.ca\/wp-content\/uploads\/2025\/11\/IMG_20251130_1021272.jpg\",\"datePublished\":\"2025-11-30T21:37:05+00:00\",\"dateModified\":\"2025-12-01T14:01:19+00:00\",\"breadcrumb\":{\"@id\":\"https:\/\/starregistry.ca\/fr\/boutique\/porte-cles-signes-du-zodiaque-souvenir-cosmique-personnalise\/#breadcrumb\"},\"inLanguage\":\"fr-CA\",\"potentialAction\":[{\"@type\":\"ReadAction\",\"target\":[\"https:\/\/starregistry.ca\/fr\/boutique\/porte-cles-signes-du-zodiaque-souvenir-cosmique-personnalise\/\"]}]},{\"@type\":\"ImageObject\",\"inLanguage\":\"fr-CA\",\"@id\":\"https:\/\/starregistry.ca\/fr\/boutique\/porte-cles-signes-du-zodiaque-souvenir-cosmique-personnalise\/#primaryimage\",\"url\":\"https:\/\/starregistry.ca\/wp-content\/uploads\/2025\/11\/IMG_20251130_1021272.jpg\",\"contentUrl\":\"https:\/\/starregistry.ca\/wp-content\/uploads\/2025\/11\/IMG_20251130_1021272.jpg\",\"width\":1859,\"height\":1859},{\"@type\":\"BreadcrumbList\",\"@id\":\"https:\/\/starregistry.ca\/fr\/boutique\/porte-cles-signes-du-zodiaque-souvenir-cosmique-personnalise\/#breadcrumb\",\"itemListElement\":[{\"@type\":\"ListItem\",\"position\":1,\"name\":\"Home\",\"item\":\"https:\/\/starregistry.ca\/fr\/\"},{\"@type\":\"ListItem\",\"position\":2,\"name\":\"Boutique\",\"item\":\"https:\/\/starregistry.ca\/fr\/boutique\/\"},{\"@type\":\"ListItem\",\"position\":3,\"name\":\"Porte-cl\u00e9s Signes du Zodiaque \u2013 Souvenir cosmique personnalis\u00e9\"}]},{\"@type\":\"WebSite\",\"@id\":\"https:\/\/starregistry.ca\/#website\",\"url\":\"https:\/\/starregistry.ca\/\",\"name\":\"Canada International Star Registry\",\"description\":\"\",\"publisher\":{\"@id\":\"https:\/\/starregistry.ca\/#organization\"},\"potentialAction\":[{\"@type\":\"SearchAction\",\"target\":{\"@type\":\"EntryPoint\",\"urlTemplate\":\"https:\/\/starregistry.ca\/?s={search_term_string}\"},\"query-input\":{\"@type\":\"PropertyValueSpecification\",\"valueRequired\":true,\"valueName\":\"search_term_string\"}}],\"inLanguage\":\"fr-CA\"},{\"@type\":\"Organization\",\"@id\":\"https:\/\/starregistry.ca\/#organization\",\"name\":\"International Star Registry Canada\",\"url\":\"https:\/\/starregistry.ca\/\",\"logo\":{\"@type\":\"ImageObject\",\"inLanguage\":\"fr-CA\",\"@id\":\"https:\/\/starregistry.ca\/#\/schema\/logo\/image\/\",\"url\":\"https:\/\/starregistry.ca\/wp-content\/uploads\/2020\/02\/logo-black.png\",\"contentUrl\":\"https:\/\/starregistry.ca\/wp-content\/uploads\/2020\/02\/logo-black.png\",\"width\":400,\"height\":271,\"caption\":\"International Star Registry Canada\"},\"image\":{\"@id\":\"https:\/\/starregistry.ca\/#\/schema\/logo\/image\/\"},\"sameAs\":[\"https:\/\/www.facebook.com\/International-Star-Registry-Canada-103650701297428\"]}]}<\/script>\n<!-- \/ Yoast SEO plugin. -->","yoast_head_json":{"title":"Porte-cl\u00e9s Signes du Zodiaque \u2013 Souvenir cosmique personnalis\u00e9 - International Star Registry","robots":{"index":"index","follow":"follow","max-snippet":"max-snippet:-1","max-image-preview":"max-image-preview:large","max-video-preview":"max-video-preview:-1"},"canonical":"https:\/\/starregistry.ca\/fr\/boutique\/porte-cles-signes-du-zodiaque-souvenir-cosmique-personnalise\/","og_locale":"fr_CA","og_type":"article","og_title":"Porte-cl\u00e9s Signes du Zodiaque \u2013 Souvenir cosmique personnalis\u00e9 - International Star Registry","og_description":"\u2728 Porte-cl\u00e9s Signes du Zodiaque (anglais) \u2013 Souvenir cosmique personnalis\u00e9 \u2728 Emportez vos \u00e9toiles partout avec vous! \ud83c\udf1f Ces magnifiques porte-cl\u00e9s Signes du Zodiaque sont le m\u00e9lange parfait de style, de sens et de charme c\u00e9leste. Chaque porte-cl\u00e9s arbore votre symbole unique du zodiaque sur le devant, tandis que le logo officiel de l&rsquo;International Star [&hellip;]","og_url":"https:\/\/starregistry.ca\/fr\/boutique\/porte-cles-signes-du-zodiaque-souvenir-cosmique-personnalise\/","og_site_name":"International Star Registry","article_publisher":"https:\/\/www.facebook.com\/International-Star-Registry-Canada-103650701297428","article_modified_time":"2025-12-01T14:01:19+00:00","og_image":[{"width":1859,"height":1859,"url":"http:\/\/starregistry.ca\/wp-content\/uploads\/2025\/11\/IMG_20251130_1021272.jpg","type":"image\/jpeg"}],"twitter_card":"summary_large_image","twitter_misc":{"Est. reading time":"1 minute"},"schema":{"@context":"https:\/\/schema.org","@graph":[{"@type":"WebPage","@id":"https:\/\/starregistry.ca\/fr\/boutique\/porte-cles-signes-du-zodiaque-souvenir-cosmique-personnalise\/","url":"https:\/\/starregistry.ca\/fr\/boutique\/porte-cles-signes-du-zodiaque-souvenir-cosmique-personnalise\/","name":"Porte-cl\u00e9s Signes du Zodiaque \u2013 Souvenir cosmique personnalis\u00e9 - International Star Registry","isPartOf":{"@id":"https:\/\/starregistry.ca\/#website"},"primaryImageOfPage":{"@id":"https:\/\/starregistry.ca\/fr\/boutique\/porte-cles-signes-du-zodiaque-souvenir-cosmique-personnalise\/#primaryimage"},"image":{"@id":"https:\/\/starregistry.ca\/fr\/boutique\/porte-cles-signes-du-zodiaque-souvenir-cosmique-personnalise\/#primaryimage"},"thumbnailUrl":"https:\/\/starregistry.ca\/wp-content\/uploads\/2025\/11\/IMG_20251130_1021272.jpg","datePublished":"2025-11-30T21:37:05+00:00","dateModified":"2025-12-01T14:01:19+00:00","breadcrumb":{"@id":"https:\/\/starregistry.ca\/fr\/boutique\/porte-cles-signes-du-zodiaque-souvenir-cosmique-personnalise\/#breadcrumb"},"inLanguage":"fr-CA","potentialAction":[{"@type":"ReadAction","target":["https:\/\/starregistry.ca\/fr\/boutique\/porte-cles-signes-du-zodiaque-souvenir-cosmique-personnalise\/"]}]},{"@type":"ImageObject","inLanguage":"fr-CA","@id":"https:\/\/starregistry.ca\/fr\/boutique\/porte-cles-signes-du-zodiaque-souvenir-cosmique-personnalise\/#primaryimage","url":"https:\/\/starregistry.ca\/wp-content\/uploads\/2025\/11\/IMG_20251130_1021272.jpg","contentUrl":"https:\/\/starregistry.ca\/wp-content\/uploads\/2025\/11\/IMG_20251130_1021272.jpg","width":1859,"height":1859},{"@type":"BreadcrumbList","@id":"https:\/\/starregistry.ca\/fr\/boutique\/porte-cles-signes-du-zodiaque-souvenir-cosmique-personnalise\/#breadcrumb","itemListElement":[{"@type":"ListItem","position":1,"name":"Home","item":"https:\/\/starregistry.ca\/fr\/"},{"@type":"ListItem","position":2,"name":"Boutique","item":"https:\/\/starregistry.ca\/fr\/boutique\/"},{"@type":"ListItem","position":3,"name":"Porte-cl\u00e9s Signes du Zodiaque \u2013 Souvenir cosmique personnalis\u00e9"}]},{"@type":"WebSite","@id":"https:\/\/starregistry.ca\/#website","url":"https:\/\/starregistry.ca\/","name":"Canada International Star Registry","description":"","publisher":{"@id":"https:\/\/starregistry.ca\/#organization"},"potentialAction":[{"@type":"SearchAction","target":{"@type":"EntryPoint","urlTemplate":"https:\/\/starregistry.ca\/?s={search_term_string}"},"query-input":{"@type":"PropertyValueSpecification","valueRequired":true,"valueName":"search_term_string"}}],"inLanguage":"fr-CA"},{"@type":"Organization","@id":"https:\/\/starregistry.ca\/#organization","name":"International Star Registry Canada","url":"https:\/\/starregistry.ca\/","logo":{"@type":"ImageObject","inLanguage":"fr-CA","@id":"https:\/\/starregistry.ca\/#\/schema\/logo\/image\/","url":"https:\/\/starregistry.ca\/wp-content\/uploads\/2020\/02\/logo-black.png","contentUrl":"https:\/\/starregistry.ca\/wp-content\/uploads\/2020\/02\/logo-black.png","width":400,"height":271,"caption":"International Star Registry Canada"},"image":{"@id":"https:\/\/starregistry.ca\/#\/schema\/logo\/image\/"},"sameAs":["https:\/\/www.facebook.com\/International-Star-Registry-Canada-103650701297428"]}]}},"_links":{"self":[{"href":"https:\/\/starregistry.ca\/fr\/wp-json\/wp\/v2\/product\/6127","targetHints":{"allow":["GET"]}}],"collection":[{"href":"https:\/\/starregistry.ca\/fr\/wp-json\/wp\/v2\/product"}],"about":[{"href":"https:\/\/starregistry.ca\/fr\/wp-json\/wp\/v2\/types\/product"}],"wp:featuredmedia":[{"embeddable":true,"href":"https:\/\/starregistry.ca\/fr\/wp-json\/wp\/v2\/media\/6103"}],"wp:attachment":[{"href":"https:\/\/starregistry.ca\/fr\/wp-json\/wp\/v2\/media?parent=6127"}],"wp:term":[{"taxonomy":"product_brand","embeddable":true,"href":"https:\/\/starregistry.ca\/fr\/wp-json\/wp\/v2\/product_brand?post=6127"},{"taxonomy":"product_cat","embeddable":true,"href":"https:\/\/starregistry.ca\/fr\/wp-json\/wp\/v2\/product_cat?post=6127"},{"taxonomy":"product_tag","embeddable":true,"href":"https:\/\/starregistry.ca\/fr\/wp-json\/wp\/v2\/product_tag?post=6127"}],"curies":[{"name":"wp","href":"https:\/\/api.w.org\/{rel}","templated":true}]}}