{"id":4311,"date":"2023-12-08T16:56:30","date_gmt":"2023-12-08T21:56:30","guid":{"rendered":"https:\/\/starregistry.ca\/?post_type=product&#038;p=4311"},"modified":"2024-11-27T14:21:40","modified_gmt":"2024-11-27T19:21:40","slug":"voeu-sous-une-etoile-nommez-une-etoile-et-faites-un-voeu-magique","status":"publish","type":"product","link":"https:\/\/starregistry.ca\/fr\/boutique\/voeu-sous-une-etoile-nommez-une-etoile-et-faites-un-voeu-magique\/","title":{"rendered":"VOEU SOUS UNE \u00c9TOILE &#038; \u00ab\u00a0Nommez une \u00e9toile et faites un v\u0153u magique !\u00a0\u00bb"},"content":{"rendered":"<p><strong>VOEU SOUS UNE \u00c9TOILE &amp; \u00ab\u00a0Nommez une \u00e9toile et faites un v\u0153u magique !\u00a0\u00bb<\/strong><\/p>\n<p>D\u00e9couvrez un nouvel ami adorable qui \u00e9merveillera les yeux de votre enfant!<\/p>\n<p>Tendez la main vers les \u00e9toiles et r\u00e9alisez les r\u00eaves de quelqu&rsquo;un avec <strong>Wish Upon a Star\u00ae<\/strong>!<\/p>\n<p>Cet ensemble exclusif en \u00e9dition limit\u00e9e est le cadeau le plus enchanteur de l&rsquo;Univers. Que ce soit pour un enfant ou pour quelqu&rsquo;un ayant gard\u00e9 son c\u0153ur d&rsquo;enfant, ce cadeau ravissant comprend un jouet en peluche irr\u00e9sistiblement doux et l&rsquo;opportunit\u00e9 de donner un nom \u00e0 une \u00e9toile dans le ciel. Imaginez la joie d&rsquo;avoir une \u00e9toile dans le ciel unique et portant votre nom ou celui de votre \u00eatre cher! Avec <strong>Wish Upon a Star\u00ae<\/strong>, vous pouvez cr\u00e9er un souvenir durable et partager l&rsquo;\u00e9merveillement du cosmos.<\/p>\n<p>Comment donner un nom \u00e0 une \u00e9toile et faire un v\u0153u avec votre code secret :<\/p>\n<ul>\n<li>Ouvrez votre bo\u00eete souvenir.<\/li>\n<li>Scannez le code QR pour visiter le site web.<\/li>\n<li>Grattez pour r\u00e9v\u00e9ler votre code secret sur l&rsquo;\u00e9tiquette.<\/li>\n<li>Ensuite, saisissez votre code pour d\u00e9verrouiller la page pour nommer votre \u00e9toile!<\/li>\n<li>Entrez le nouveau nom de l&rsquo;\u00e9toile, la date de d\u00e9dicace, choisissez une constellation puis faites un v\u0153u!<\/li>\n<\/ul>\n<p>Vous recevrez un certificat num\u00e9rique et une carte des \u00e9toiles \u00e0 imprimer et \u00e0 partager. Vous pouvez m\u00eame t\u00e9l\u00e9charger votre certificat personnalis\u00e9 <strong>Wish Upon a Star\u00ae<\/strong> afin que vous ou vos parents puissiez le partager avec des amis et de la famille en ligne.<\/p>\n<p>\u00ab\u00a0Si vous avez d\u00e9j\u00e0 votre code Wish Upon a Star\u00ae, <a href=\"http:\/\/www.starregistry.net\/wish-upon-a-star\/Redeem\">cliquez ici<\/a> pour nommer une \u00e9toile et faire un v\u0153u!\u00a0\u00bb<\/p>\n","protected":false},"excerpt":{"rendered":"<div class=\"mt-5\">\n<p class=\"font-weight-bold\"><strong>Name a Star with International Star Registry<\/strong><\/p>\n<p class=\"mt-3\">Click the link above to enter your secret code and you will be granted access to an exclusive page in partnership with the renowned International Star Registry. Here, you can give your star a unique name, forever etching your mark on the celestial tapestry. The new star name and its coordinates will be entered into a special digital database of stars created exclusively for Wish Upon a Star\u00ae. The star you name is unique and only named once.<\/p>\n<\/div>\n<div class=\"mt-5\">\n<p>&nbsp;<\/p>\n<p class=\"font-weight-bold\"><strong>Making Your Wish<\/strong><\/p>\n<p class=\"mt-3\">Wish upon a Star\u00ae encourages you to make a wish upon the star you\u2019ve named, for it possesses the special magic of imagination. Whether it\u2019s your fondest wish or your greatest aspiration, use your imagination and always reach for your dreams.<\/p>\n<p class=\"mt-3\">Your star will always be shining over you. At night, you can snuggle your Wish Upon a Star friend tight and share your hopes and dreams under your own special wishing star.\u00a0 Your star name and its coordinates will be entered into a separate digital catalogue created by International Star Registry. Each star is unique and only named once.<\/p>\n<\/div>\n<div><\/div>\n<div><\/div>\n<div><\/div>\n<div class=\"mt-5\"><em><span class=\"fontSize3 font-weight-bold\">International Star Registry \u00ae star naming is not recognized by the scientific community<\/span><span class=\"fontSize3 font-weight-bold\">\u00a92023 International Star Registry of Illinois, LTD., All rights reserved.<\/span><\/em><\/div>\n<div class=\"mt-3\"><em><span class=\"fontSize3 font-weight-bold\">WISH UPON A STAR\u2122 and EARTHWISE\u00ae are trademarks of Dan Dee International Holdings, Inc.\u00a0 <\/span><span class=\"fontSize3 font-weight-bold\">International Star Registry of Illinois LTD., used under license. <\/span><\/em><\/div>\n<div class=\"mt-3\"><em><span class=\"fontSize3 font-weight-bold\">INTERNATIONAL STAR REGISTRY\u00ae and STAR REGISTRY\u00ae are trademarks of International Star Registry of Illinois, LTD.<\/span><\/em><\/div>\n","protected":false},"featured_media":4306,"template":"","meta":[],"product_brand":[],"product_cat":[17],"product_tag":[],"class_list":{"0":"post-4311","1":"product","2":"type-product","3":"status-publish","4":"has-post-thumbnail","6":"product_cat-non-classifiee","8":"first","9":"instock","10":"taxable","11":"shipping-taxable","12":"purchasable","13":"product-type-simple"},"yoast_head":"<!-- This site is optimized with the Yoast SEO plugin v25.4 - https:\/\/yoast.com\/wordpress\/plugins\/seo\/ -->\n<title>VOEU SOUS UNE \u00c9TOILE &amp; &quot;Nommez une \u00e9toile et faites un v\u0153u magique !&quot; - International Star Registry<\/title>\n<meta name=\"robots\" content=\"index, follow, max-snippet:-1, max-image-preview:large, max-video-preview:-1\" \/>\n<link rel=\"canonical\" href=\"https:\/\/starregistry.ca\/fr\/boutique\/voeu-sous-une-etoile-nommez-une-etoile-et-faites-un-voeu-magique\/\" \/>\n<meta property=\"og:locale\" content=\"fr_CA\" \/>\n<meta property=\"og:type\" content=\"article\" \/>\n<meta property=\"og:title\" content=\"VOEU SOUS UNE \u00c9TOILE &amp; &quot;Nommez une \u00e9toile et faites un v\u0153u magique !&quot; - International Star Registry\" \/>\n<meta property=\"og:description\" content=\"Name a Star with International Star Registry Click the link above to enter your secret code and you will be granted access to an exclusive page in partnership with the renowned International Star Registry. Here, you can give your star a unique name, forever etching your mark on the celestial tapestry. The new star name and its coordinates will be entered into a special digital database of stars created exclusively for Wish Upon a Star\u00ae. The star you name is unique and only named once.     &nbsp; Making Your Wish Wish upon a Star\u00ae encourages you to make a wish upon the star you\u2019ve named, for it possesses the special magic of imagination. Whether it\u2019s your fondest wish or your greatest aspiration, use your imagination and always reach for your dreams. Your star will always be shining over you. At night, you can snuggle your Wish Upon a Star friend tight and share your hopes and dreams under your own special wishing star.\u00a0 Your star name and its coordinates will be entered into a separate digital catalogue created by International Star Registry. Each star is unique and only named once.      International Star Registry \u00ae star naming is not recognized by the scientific community\u00a92023 International Star Registry of Illinois, LTD., All rights reserved. WISH UPON A STAR\u2122 and EARTHWISE\u00ae are trademarks of Dan Dee International Holdings, Inc.\u00a0 International Star Registry of Illinois LTD., used under license.  INTERNATIONAL STAR REGISTRY\u00ae and STAR REGISTRY\u00ae are trademarks of International Star Registry of Illinois, LTD.\" \/>\n<meta property=\"og:url\" content=\"https:\/\/starregistry.ca\/fr\/boutique\/voeu-sous-une-etoile-nommez-une-etoile-et-faites-un-voeu-magique\/\" \/>\n<meta property=\"og:site_name\" content=\"International Star Registry\" \/>\n<meta property=\"article:publisher\" content=\"https:\/\/www.facebook.com\/International-Star-Registry-Canada-103650701297428\" \/>\n<meta property=\"article:modified_time\" content=\"2024-11-27T19:21:40+00:00\" \/>\n<meta property=\"og:image\" content=\"http:\/\/starregistry.ca\/wp-content\/uploads\/2023\/12\/ISR-Toy-0008CW-bear-5b-1024x683-1.webp\" \/>\n\t<meta property=\"og:image:width\" content=\"1024\" \/>\n\t<meta property=\"og:image:height\" content=\"683\" \/>\n\t<meta property=\"og:image:type\" content=\"image\/webp\" \/>\n<meta name=\"twitter:card\" content=\"summary_large_image\" \/>\n<meta name=\"twitter:label1\" content=\"Est. reading time\" \/>\n\t<meta name=\"twitter:data1\" content=\"2 minutes\" \/>\n<script type=\"application\/ld+json\" class=\"yoast-schema-graph\">{\"@context\":\"https:\/\/schema.org\",\"@graph\":[{\"@type\":\"WebPage\",\"@id\":\"https:\/\/starregistry.ca\/fr\/boutique\/voeu-sous-une-etoile-nommez-une-etoile-et-faites-un-voeu-magique\/\",\"url\":\"https:\/\/starregistry.ca\/fr\/boutique\/voeu-sous-une-etoile-nommez-une-etoile-et-faites-un-voeu-magique\/\",\"name\":\"VOEU SOUS UNE \u00c9TOILE & \\\"Nommez une \u00e9toile et faites un v\u0153u magique !\\\" - International Star Registry\",\"isPartOf\":{\"@id\":\"https:\/\/starregistry.ca\/#website\"},\"primaryImageOfPage\":{\"@id\":\"https:\/\/starregistry.ca\/fr\/boutique\/voeu-sous-une-etoile-nommez-une-etoile-et-faites-un-voeu-magique\/#primaryimage\"},\"image\":{\"@id\":\"https:\/\/starregistry.ca\/fr\/boutique\/voeu-sous-une-etoile-nommez-une-etoile-et-faites-un-voeu-magique\/#primaryimage\"},\"thumbnailUrl\":\"https:\/\/starregistry.ca\/wp-content\/uploads\/2023\/12\/ISR-Toy-0008CW-bear-5b-1024x683-1.webp\",\"datePublished\":\"2023-12-08T21:56:30+00:00\",\"dateModified\":\"2024-11-27T19:21:40+00:00\",\"breadcrumb\":{\"@id\":\"https:\/\/starregistry.ca\/fr\/boutique\/voeu-sous-une-etoile-nommez-une-etoile-et-faites-un-voeu-magique\/#breadcrumb\"},\"inLanguage\":\"fr-CA\",\"potentialAction\":[{\"@type\":\"ReadAction\",\"target\":[\"https:\/\/starregistry.ca\/fr\/boutique\/voeu-sous-une-etoile-nommez-une-etoile-et-faites-un-voeu-magique\/\"]}]},{\"@type\":\"ImageObject\",\"inLanguage\":\"fr-CA\",\"@id\":\"https:\/\/starregistry.ca\/fr\/boutique\/voeu-sous-une-etoile-nommez-une-etoile-et-faites-un-voeu-magique\/#primaryimage\",\"url\":\"https:\/\/starregistry.ca\/wp-content\/uploads\/2023\/12\/ISR-Toy-0008CW-bear-5b-1024x683-1.webp\",\"contentUrl\":\"https:\/\/starregistry.ca\/wp-content\/uploads\/2023\/12\/ISR-Toy-0008CW-bear-5b-1024x683-1.webp\",\"width\":1024,\"height\":683},{\"@type\":\"BreadcrumbList\",\"@id\":\"https:\/\/starregistry.ca\/fr\/boutique\/voeu-sous-une-etoile-nommez-une-etoile-et-faites-un-voeu-magique\/#breadcrumb\",\"itemListElement\":[{\"@type\":\"ListItem\",\"position\":1,\"name\":\"Home\",\"item\":\"https:\/\/starregistry.ca\/fr\/\"},{\"@type\":\"ListItem\",\"position\":2,\"name\":\"Boutique\",\"item\":\"https:\/\/starregistry.ca\/fr\/boutique\/\"},{\"@type\":\"ListItem\",\"position\":3,\"name\":\"VOEU SOUS UNE \u00c9TOILE &#038; &#8220;Nommez une \u00e9toile et faites un v\u0153u magique !&#8221;\"}]},{\"@type\":\"WebSite\",\"@id\":\"https:\/\/starregistry.ca\/#website\",\"url\":\"https:\/\/starregistry.ca\/\",\"name\":\"Canada International Star Registry\",\"description\":\"\",\"publisher\":{\"@id\":\"https:\/\/starregistry.ca\/#organization\"},\"potentialAction\":[{\"@type\":\"SearchAction\",\"target\":{\"@type\":\"EntryPoint\",\"urlTemplate\":\"https:\/\/starregistry.ca\/?s={search_term_string}\"},\"query-input\":{\"@type\":\"PropertyValueSpecification\",\"valueRequired\":true,\"valueName\":\"search_term_string\"}}],\"inLanguage\":\"fr-CA\"},{\"@type\":\"Organization\",\"@id\":\"https:\/\/starregistry.ca\/#organization\",\"name\":\"International Star Registry Canada\",\"url\":\"https:\/\/starregistry.ca\/\",\"logo\":{\"@type\":\"ImageObject\",\"inLanguage\":\"fr-CA\",\"@id\":\"https:\/\/starregistry.ca\/#\/schema\/logo\/image\/\",\"url\":\"https:\/\/starregistry.ca\/wp-content\/uploads\/2020\/02\/logo-black.png\",\"contentUrl\":\"https:\/\/starregistry.ca\/wp-content\/uploads\/2020\/02\/logo-black.png\",\"width\":400,\"height\":271,\"caption\":\"International Star Registry Canada\"},\"image\":{\"@id\":\"https:\/\/starregistry.ca\/#\/schema\/logo\/image\/\"},\"sameAs\":[\"https:\/\/www.facebook.com\/International-Star-Registry-Canada-103650701297428\"]}]}<\/script>\n<!-- \/ Yoast SEO plugin. -->","yoast_head_json":{"title":"VOEU SOUS UNE \u00c9TOILE & \"Nommez une \u00e9toile et faites un v\u0153u magique !\" - International Star Registry","robots":{"index":"index","follow":"follow","max-snippet":"max-snippet:-1","max-image-preview":"max-image-preview:large","max-video-preview":"max-video-preview:-1"},"canonical":"https:\/\/starregistry.ca\/fr\/boutique\/voeu-sous-une-etoile-nommez-une-etoile-et-faites-un-voeu-magique\/","og_locale":"fr_CA","og_type":"article","og_title":"VOEU SOUS UNE \u00c9TOILE & \"Nommez une \u00e9toile et faites un v\u0153u magique !\" - International Star Registry","og_description":"Name a Star with International Star Registry Click the link above to enter your secret code and you will be granted access to an exclusive page in partnership with the renowned International Star Registry. Here, you can give your star a unique name, forever etching your mark on the celestial tapestry. The new star name and its coordinates will be entered into a special digital database of stars created exclusively for Wish Upon a Star\u00ae. The star you name is unique and only named once.     &nbsp; Making Your Wish Wish upon a Star\u00ae encourages you to make a wish upon the star you\u2019ve named, for it possesses the special magic of imagination. Whether it\u2019s your fondest wish or your greatest aspiration, use your imagination and always reach for your dreams. Your star will always be shining over you. At night, you can snuggle your Wish Upon a Star friend tight and share your hopes and dreams under your own special wishing star.\u00a0 Your star name and its coordinates will be entered into a separate digital catalogue created by International Star Registry. Each star is unique and only named once.      International Star Registry \u00ae star naming is not recognized by the scientific community\u00a92023 International Star Registry of Illinois, LTD., All rights reserved. WISH UPON A STAR\u2122 and EARTHWISE\u00ae are trademarks of Dan Dee International Holdings, Inc.\u00a0 International Star Registry of Illinois LTD., used under license.  INTERNATIONAL STAR REGISTRY\u00ae and STAR REGISTRY\u00ae are trademarks of International Star Registry of Illinois, LTD.","og_url":"https:\/\/starregistry.ca\/fr\/boutique\/voeu-sous-une-etoile-nommez-une-etoile-et-faites-un-voeu-magique\/","og_site_name":"International Star Registry","article_publisher":"https:\/\/www.facebook.com\/International-Star-Registry-Canada-103650701297428","article_modified_time":"2024-11-27T19:21:40+00:00","og_image":[{"width":1024,"height":683,"url":"http:\/\/starregistry.ca\/wp-content\/uploads\/2023\/12\/ISR-Toy-0008CW-bear-5b-1024x683-1.webp","type":"image\/webp"}],"twitter_card":"summary_large_image","twitter_misc":{"Est. reading time":"2 minutes"},"schema":{"@context":"https:\/\/schema.org","@graph":[{"@type":"WebPage","@id":"https:\/\/starregistry.ca\/fr\/boutique\/voeu-sous-une-etoile-nommez-une-etoile-et-faites-un-voeu-magique\/","url":"https:\/\/starregistry.ca\/fr\/boutique\/voeu-sous-une-etoile-nommez-une-etoile-et-faites-un-voeu-magique\/","name":"VOEU SOUS UNE \u00c9TOILE & \"Nommez une \u00e9toile et faites un v\u0153u magique !\" - International Star Registry","isPartOf":{"@id":"https:\/\/starregistry.ca\/#website"},"primaryImageOfPage":{"@id":"https:\/\/starregistry.ca\/fr\/boutique\/voeu-sous-une-etoile-nommez-une-etoile-et-faites-un-voeu-magique\/#primaryimage"},"image":{"@id":"https:\/\/starregistry.ca\/fr\/boutique\/voeu-sous-une-etoile-nommez-une-etoile-et-faites-un-voeu-magique\/#primaryimage"},"thumbnailUrl":"https:\/\/starregistry.ca\/wp-content\/uploads\/2023\/12\/ISR-Toy-0008CW-bear-5b-1024x683-1.webp","datePublished":"2023-12-08T21:56:30+00:00","dateModified":"2024-11-27T19:21:40+00:00","breadcrumb":{"@id":"https:\/\/starregistry.ca\/fr\/boutique\/voeu-sous-une-etoile-nommez-une-etoile-et-faites-un-voeu-magique\/#breadcrumb"},"inLanguage":"fr-CA","potentialAction":[{"@type":"ReadAction","target":["https:\/\/starregistry.ca\/fr\/boutique\/voeu-sous-une-etoile-nommez-une-etoile-et-faites-un-voeu-magique\/"]}]},{"@type":"ImageObject","inLanguage":"fr-CA","@id":"https:\/\/starregistry.ca\/fr\/boutique\/voeu-sous-une-etoile-nommez-une-etoile-et-faites-un-voeu-magique\/#primaryimage","url":"https:\/\/starregistry.ca\/wp-content\/uploads\/2023\/12\/ISR-Toy-0008CW-bear-5b-1024x683-1.webp","contentUrl":"https:\/\/starregistry.ca\/wp-content\/uploads\/2023\/12\/ISR-Toy-0008CW-bear-5b-1024x683-1.webp","width":1024,"height":683},{"@type":"BreadcrumbList","@id":"https:\/\/starregistry.ca\/fr\/boutique\/voeu-sous-une-etoile-nommez-une-etoile-et-faites-un-voeu-magique\/#breadcrumb","itemListElement":[{"@type":"ListItem","position":1,"name":"Home","item":"https:\/\/starregistry.ca\/fr\/"},{"@type":"ListItem","position":2,"name":"Boutique","item":"https:\/\/starregistry.ca\/fr\/boutique\/"},{"@type":"ListItem","position":3,"name":"VOEU SOUS UNE \u00c9TOILE &#038; &#8220;Nommez une \u00e9toile et faites un v\u0153u magique !&#8221;"}]},{"@type":"WebSite","@id":"https:\/\/starregistry.ca\/#website","url":"https:\/\/starregistry.ca\/","name":"Canada International Star Registry","description":"","publisher":{"@id":"https:\/\/starregistry.ca\/#organization"},"potentialAction":[{"@type":"SearchAction","target":{"@type":"EntryPoint","urlTemplate":"https:\/\/starregistry.ca\/?s={search_term_string}"},"query-input":{"@type":"PropertyValueSpecification","valueRequired":true,"valueName":"search_term_string"}}],"inLanguage":"fr-CA"},{"@type":"Organization","@id":"https:\/\/starregistry.ca\/#organization","name":"International Star Registry Canada","url":"https:\/\/starregistry.ca\/","logo":{"@type":"ImageObject","inLanguage":"fr-CA","@id":"https:\/\/starregistry.ca\/#\/schema\/logo\/image\/","url":"https:\/\/starregistry.ca\/wp-content\/uploads\/2020\/02\/logo-black.png","contentUrl":"https:\/\/starregistry.ca\/wp-content\/uploads\/2020\/02\/logo-black.png","width":400,"height":271,"caption":"International Star Registry Canada"},"image":{"@id":"https:\/\/starregistry.ca\/#\/schema\/logo\/image\/"},"sameAs":["https:\/\/www.facebook.com\/International-Star-Registry-Canada-103650701297428"]}]}},"_links":{"self":[{"href":"https:\/\/starregistry.ca\/fr\/wp-json\/wp\/v2\/product\/4311","targetHints":{"allow":["GET"]}}],"collection":[{"href":"https:\/\/starregistry.ca\/fr\/wp-json\/wp\/v2\/product"}],"about":[{"href":"https:\/\/starregistry.ca\/fr\/wp-json\/wp\/v2\/types\/product"}],"wp:featuredmedia":[{"embeddable":true,"href":"https:\/\/starregistry.ca\/fr\/wp-json\/wp\/v2\/media\/4306"}],"wp:attachment":[{"href":"https:\/\/starregistry.ca\/fr\/wp-json\/wp\/v2\/media?parent=4311"}],"wp:term":[{"taxonomy":"product_brand","embeddable":true,"href":"https:\/\/starregistry.ca\/fr\/wp-json\/wp\/v2\/product_brand?post=4311"},{"taxonomy":"product_cat","embeddable":true,"href":"https:\/\/starregistry.ca\/fr\/wp-json\/wp\/v2\/product_cat?post=4311"},{"taxonomy":"product_tag","embeddable":true,"href":"https:\/\/starregistry.ca\/fr\/wp-json\/wp\/v2\/product_tag?post=4311"}],"curies":[{"name":"wp","href":"https:\/\/api.w.org\/{rel}","templated":true}]}}