{"id":1867,"date":"2021-04-29T14:48:17","date_gmt":"2021-04-29T18:48:18","guid":{"rendered":"https:\/\/starregistry.ca\/?post_type=product&#038;p=1867"},"modified":"2025-02-05T10:09:38","modified_gmt":"2025-02-05T15:09:38","slug":"trousse-detoile-ultime-copy","status":"publish","type":"product","link":"https:\/\/starregistry.ca\/fr\/boutique\/trousse-detoile-ultime-copy\/","title":{"rendered":"Trousse d&rsquo;\u00e9toile deluxe"},"content":{"rendered":"<h2>Que contient votre\u00a0trousse?<\/h2>\n<p>Votre trousse d\u2019\u00e9toile comprendra un magnifique <strong>certificat<\/strong> <strong>encadr\u00e9e<\/strong> de 30 x 40 cm (12 x 16 po.) imprim\u00e9 en couleurs, et portant le nom que vous aurez choisi pour l\u2019\u00e9toile, la date \u00e0 laquelle vous d\u00e9sirez que le nouveau nom entre en vigueur et les coordonn\u00e9es de l\u2019\u00e9toile que nous aurons nomm\u00e9e pour vous. Le certificat sera pr\u00e9par\u00e9 en fran\u00e7ais ou en anglais, \u00e0 votre choix.<\/p>\n<p>Votre trousse-cadeau comprendra aussi une <strong>carte c\u00e9leste<\/strong> personnalis\u00e9e <strong><em>non-encadr\u00e9e<\/em><\/strong> de 30 x 40 cm (12 x 16 po.) , indiquant le nom donn\u00e9 \u00e0 l\u2019\u00e9toile et la date de d\u00e9signation. La carte montrera la constellation o\u00f9 l\u2019\u00e9toile est situ\u00e9e, et son emplacement exact sera encercl\u00e9 en rouge, pour que vous ayez plus de facilit\u00e9 \u00e0 la trouver.<\/p>\n<p>Les documents seront accompagn\u00e9s d\u2019un petit livret d\u2019information (offert en anglais seulement) portant sur l\u2019astronomie, et contenant quelques cartes du ciel suppl\u00e9mentaires. Enfin, vous trouverez dans votre trousse-cadeau une lettre explicative.<\/p>\n","protected":false},"excerpt":{"rendered":"<p>Que contient votre\u00a0trousse? Votre trousse d\u2019\u00e9toile comprendra un magnifique certificat encadr\u00e9e de 30 x 40 cm (12 x 16 po.) imprim\u00e9 en couleurs, et portant le nom que vous aurez choisi pour l\u2019\u00e9toile, la date \u00e0 laquelle vous d\u00e9sirez que le nouveau nom entre en vigueur et les coordonn\u00e9es de l\u2019\u00e9toile que nous aurons nomm\u00e9e [&hellip;]<\/p>\n","protected":false},"featured_media":399,"template":"","meta":[],"product_brand":[],"product_cat":[17],"product_tag":[],"class_list":{"0":"post-1867","1":"product","2":"type-product","3":"status-publish","4":"has-post-thumbnail","6":"product_cat-non-classifiee","8":"first","9":"instock","10":"taxable","11":"shipping-taxable","12":"purchasable","13":"product-type-simple"},"yoast_head":"<!-- This site is optimized with the Yoast SEO plugin v25.4 - https:\/\/yoast.com\/wordpress\/plugins\/seo\/ -->\n<title>Trousse d&#039;\u00e9toile deluxe - International Star Registry<\/title>\n<meta name=\"description\" content=\"Votre trousse d\u2019\u00e9toile comprendra un magnifique certificat encadr\u00e9e de 30 x 40 cm (12 x 16 po.) imprim\u00e9 en couleurs, et portant le nom que vous aurez choisi pour l\u2019\u00e9toile, la date \u00e0 laquelle vous d\u00e9sirez que le nouveau nom entre en vigueur et les coordonn\u00e9es de l\u2019\u00e9toile que nous aurons nomm\u00e9e pour vous. Le certificat sera pr\u00e9par\u00e9 en fran\u00e7ais ou en anglais, \u00e0 votre choix.\" \/>\n<meta name=\"robots\" content=\"index, follow, max-snippet:-1, max-image-preview:large, max-video-preview:-1\" \/>\n<link rel=\"canonical\" href=\"https:\/\/starregistry.ca\/fr\/boutique\/trousse-detoile-ultime-copy\/\" \/>\n<meta property=\"og:locale\" content=\"fr_CA\" \/>\n<meta property=\"og:type\" content=\"article\" \/>\n<meta property=\"og:title\" content=\"Trousse d&#039;\u00e9toile deluxe - International Star Registry\" \/>\n<meta property=\"og:description\" content=\"Votre trousse d\u2019\u00e9toile comprendra un magnifique certificat encadr\u00e9e de 30 x 40 cm (12 x 16 po.) imprim\u00e9 en couleurs, et portant le nom que vous aurez choisi pour l\u2019\u00e9toile, la date \u00e0 laquelle vous d\u00e9sirez que le nouveau nom entre en vigueur et les coordonn\u00e9es de l\u2019\u00e9toile que nous aurons nomm\u00e9e pour vous. Le certificat sera pr\u00e9par\u00e9 en fran\u00e7ais ou en anglais, \u00e0 votre choix.\" \/>\n<meta property=\"og:url\" content=\"https:\/\/starregistry.ca\/fr\/boutique\/trousse-detoile-ultime-copy\/\" \/>\n<meta property=\"og:site_name\" content=\"International Star Registry\" \/>\n<meta property=\"article:publisher\" content=\"https:\/\/www.facebook.com\/International-Star-Registry-Canada-103650701297428\" \/>\n<meta property=\"article:modified_time\" content=\"2025-02-05T15:09:38+00:00\" \/>\n<meta property=\"og:image\" content=\"http:\/\/starregistry.ca\/wp-content\/uploads\/2019\/12\/final_images_highres-9-e1575572535975-898x1024.jpg\" \/>\n\t<meta property=\"og:image:width\" content=\"898\" \/>\n\t<meta property=\"og:image:height\" content=\"1024\" \/>\n\t<meta property=\"og:image:type\" content=\"image\/jpeg\" \/>\n<meta name=\"twitter:card\" content=\"summary_large_image\" \/>\n<meta name=\"twitter:label1\" content=\"Est. reading time\" \/>\n\t<meta name=\"twitter:data1\" content=\"1 minute\" \/>\n<script type=\"application\/ld+json\" class=\"yoast-schema-graph\">{\"@context\":\"https:\/\/schema.org\",\"@graph\":[{\"@type\":\"WebPage\",\"@id\":\"https:\/\/starregistry.ca\/fr\/boutique\/trousse-detoile-ultime-copy\/\",\"url\":\"https:\/\/starregistry.ca\/fr\/boutique\/trousse-detoile-ultime-copy\/\",\"name\":\"Trousse d'\u00e9toile deluxe - International Star Registry\",\"isPartOf\":{\"@id\":\"https:\/\/starregistry.ca\/#website\"},\"primaryImageOfPage\":{\"@id\":\"https:\/\/starregistry.ca\/fr\/boutique\/trousse-detoile-ultime-copy\/#primaryimage\"},\"image\":{\"@id\":\"https:\/\/starregistry.ca\/fr\/boutique\/trousse-detoile-ultime-copy\/#primaryimage\"},\"thumbnailUrl\":\"https:\/\/starregistry.ca\/wp-content\/uploads\/2019\/12\/final_images_highres-9-e1575572535975.jpg\",\"datePublished\":\"2021-04-29T18:48:18+00:00\",\"dateModified\":\"2025-02-05T15:09:38+00:00\",\"description\":\"Votre trousse d\u2019\u00e9toile comprendra un magnifique certificat encadr\u00e9e de 30 x 40 cm (12 x 16 po.) imprim\u00e9 en couleurs, et portant le nom que vous aurez choisi pour l\u2019\u00e9toile, la date \u00e0 laquelle vous d\u00e9sirez que le nouveau nom entre en vigueur et les coordonn\u00e9es de l\u2019\u00e9toile que nous aurons nomm\u00e9e pour vous. Le certificat sera pr\u00e9par\u00e9 en fran\u00e7ais ou en anglais, \u00e0 votre choix.\",\"breadcrumb\":{\"@id\":\"https:\/\/starregistry.ca\/fr\/boutique\/trousse-detoile-ultime-copy\/#breadcrumb\"},\"inLanguage\":\"fr-CA\",\"potentialAction\":[{\"@type\":\"ReadAction\",\"target\":[\"https:\/\/starregistry.ca\/fr\/boutique\/trousse-detoile-ultime-copy\/\"]}]},{\"@type\":\"ImageObject\",\"inLanguage\":\"fr-CA\",\"@id\":\"https:\/\/starregistry.ca\/fr\/boutique\/trousse-detoile-ultime-copy\/#primaryimage\",\"url\":\"https:\/\/starregistry.ca\/wp-content\/uploads\/2019\/12\/final_images_highres-9-e1575572535975.jpg\",\"contentUrl\":\"https:\/\/starregistry.ca\/wp-content\/uploads\/2019\/12\/final_images_highres-9-e1575572535975.jpg\",\"width\":4181,\"height\":4765},{\"@type\":\"BreadcrumbList\",\"@id\":\"https:\/\/starregistry.ca\/fr\/boutique\/trousse-detoile-ultime-copy\/#breadcrumb\",\"itemListElement\":[{\"@type\":\"ListItem\",\"position\":1,\"name\":\"Home\",\"item\":\"https:\/\/starregistry.ca\/fr\/\"},{\"@type\":\"ListItem\",\"position\":2,\"name\":\"Boutique\",\"item\":\"https:\/\/starregistry.ca\/fr\/boutique\/\"},{\"@type\":\"ListItem\",\"position\":3,\"name\":\"Trousse d&#8217;\u00e9toile deluxe\"}]},{\"@type\":\"WebSite\",\"@id\":\"https:\/\/starregistry.ca\/#website\",\"url\":\"https:\/\/starregistry.ca\/\",\"name\":\"Canada International Star Registry\",\"description\":\"\",\"publisher\":{\"@id\":\"https:\/\/starregistry.ca\/#organization\"},\"potentialAction\":[{\"@type\":\"SearchAction\",\"target\":{\"@type\":\"EntryPoint\",\"urlTemplate\":\"https:\/\/starregistry.ca\/?s={search_term_string}\"},\"query-input\":{\"@type\":\"PropertyValueSpecification\",\"valueRequired\":true,\"valueName\":\"search_term_string\"}}],\"inLanguage\":\"fr-CA\"},{\"@type\":\"Organization\",\"@id\":\"https:\/\/starregistry.ca\/#organization\",\"name\":\"International Star Registry Canada\",\"url\":\"https:\/\/starregistry.ca\/\",\"logo\":{\"@type\":\"ImageObject\",\"inLanguage\":\"fr-CA\",\"@id\":\"https:\/\/starregistry.ca\/#\/schema\/logo\/image\/\",\"url\":\"https:\/\/starregistry.ca\/wp-content\/uploads\/2020\/02\/logo-black.png\",\"contentUrl\":\"https:\/\/starregistry.ca\/wp-content\/uploads\/2020\/02\/logo-black.png\",\"width\":400,\"height\":271,\"caption\":\"International Star Registry Canada\"},\"image\":{\"@id\":\"https:\/\/starregistry.ca\/#\/schema\/logo\/image\/\"},\"sameAs\":[\"https:\/\/www.facebook.com\/International-Star-Registry-Canada-103650701297428\"]}]}<\/script>\n<!-- \/ Yoast SEO plugin. -->","yoast_head_json":{"title":"Trousse d'\u00e9toile deluxe - International Star Registry","description":"Votre trousse d\u2019\u00e9toile comprendra un magnifique certificat encadr\u00e9e de 30 x 40 cm (12 x 16 po.) imprim\u00e9 en couleurs, et portant le nom que vous aurez choisi pour l\u2019\u00e9toile, la date \u00e0 laquelle vous d\u00e9sirez que le nouveau nom entre en vigueur et les coordonn\u00e9es de l\u2019\u00e9toile que nous aurons nomm\u00e9e pour vous. Le certificat sera pr\u00e9par\u00e9 en fran\u00e7ais ou en anglais, \u00e0 votre choix.","robots":{"index":"index","follow":"follow","max-snippet":"max-snippet:-1","max-image-preview":"max-image-preview:large","max-video-preview":"max-video-preview:-1"},"canonical":"https:\/\/starregistry.ca\/fr\/boutique\/trousse-detoile-ultime-copy\/","og_locale":"fr_CA","og_type":"article","og_title":"Trousse d'\u00e9toile deluxe - International Star Registry","og_description":"Votre trousse d\u2019\u00e9toile comprendra un magnifique certificat encadr\u00e9e de 30 x 40 cm (12 x 16 po.) imprim\u00e9 en couleurs, et portant le nom que vous aurez choisi pour l\u2019\u00e9toile, la date \u00e0 laquelle vous d\u00e9sirez que le nouveau nom entre en vigueur et les coordonn\u00e9es de l\u2019\u00e9toile que nous aurons nomm\u00e9e pour vous. Le certificat sera pr\u00e9par\u00e9 en fran\u00e7ais ou en anglais, \u00e0 votre choix.","og_url":"https:\/\/starregistry.ca\/fr\/boutique\/trousse-detoile-ultime-copy\/","og_site_name":"International Star Registry","article_publisher":"https:\/\/www.facebook.com\/International-Star-Registry-Canada-103650701297428","article_modified_time":"2025-02-05T15:09:38+00:00","og_image":[{"width":898,"height":1024,"url":"http:\/\/starregistry.ca\/wp-content\/uploads\/2019\/12\/final_images_highres-9-e1575572535975-898x1024.jpg","type":"image\/jpeg"}],"twitter_card":"summary_large_image","twitter_misc":{"Est. reading time":"1 minute"},"schema":{"@context":"https:\/\/schema.org","@graph":[{"@type":"WebPage","@id":"https:\/\/starregistry.ca\/fr\/boutique\/trousse-detoile-ultime-copy\/","url":"https:\/\/starregistry.ca\/fr\/boutique\/trousse-detoile-ultime-copy\/","name":"Trousse d'\u00e9toile deluxe - International Star Registry","isPartOf":{"@id":"https:\/\/starregistry.ca\/#website"},"primaryImageOfPage":{"@id":"https:\/\/starregistry.ca\/fr\/boutique\/trousse-detoile-ultime-copy\/#primaryimage"},"image":{"@id":"https:\/\/starregistry.ca\/fr\/boutique\/trousse-detoile-ultime-copy\/#primaryimage"},"thumbnailUrl":"https:\/\/starregistry.ca\/wp-content\/uploads\/2019\/12\/final_images_highres-9-e1575572535975.jpg","datePublished":"2021-04-29T18:48:18+00:00","dateModified":"2025-02-05T15:09:38+00:00","description":"Votre trousse d\u2019\u00e9toile comprendra un magnifique certificat encadr\u00e9e de 30 x 40 cm (12 x 16 po.) imprim\u00e9 en couleurs, et portant le nom que vous aurez choisi pour l\u2019\u00e9toile, la date \u00e0 laquelle vous d\u00e9sirez que le nouveau nom entre en vigueur et les coordonn\u00e9es de l\u2019\u00e9toile que nous aurons nomm\u00e9e pour vous. Le certificat sera pr\u00e9par\u00e9 en fran\u00e7ais ou en anglais, \u00e0 votre choix.","breadcrumb":{"@id":"https:\/\/starregistry.ca\/fr\/boutique\/trousse-detoile-ultime-copy\/#breadcrumb"},"inLanguage":"fr-CA","potentialAction":[{"@type":"ReadAction","target":["https:\/\/starregistry.ca\/fr\/boutique\/trousse-detoile-ultime-copy\/"]}]},{"@type":"ImageObject","inLanguage":"fr-CA","@id":"https:\/\/starregistry.ca\/fr\/boutique\/trousse-detoile-ultime-copy\/#primaryimage","url":"https:\/\/starregistry.ca\/wp-content\/uploads\/2019\/12\/final_images_highres-9-e1575572535975.jpg","contentUrl":"https:\/\/starregistry.ca\/wp-content\/uploads\/2019\/12\/final_images_highres-9-e1575572535975.jpg","width":4181,"height":4765},{"@type":"BreadcrumbList","@id":"https:\/\/starregistry.ca\/fr\/boutique\/trousse-detoile-ultime-copy\/#breadcrumb","itemListElement":[{"@type":"ListItem","position":1,"name":"Home","item":"https:\/\/starregistry.ca\/fr\/"},{"@type":"ListItem","position":2,"name":"Boutique","item":"https:\/\/starregistry.ca\/fr\/boutique\/"},{"@type":"ListItem","position":3,"name":"Trousse d&#8217;\u00e9toile deluxe"}]},{"@type":"WebSite","@id":"https:\/\/starregistry.ca\/#website","url":"https:\/\/starregistry.ca\/","name":"Canada International Star Registry","description":"","publisher":{"@id":"https:\/\/starregistry.ca\/#organization"},"potentialAction":[{"@type":"SearchAction","target":{"@type":"EntryPoint","urlTemplate":"https:\/\/starregistry.ca\/?s={search_term_string}"},"query-input":{"@type":"PropertyValueSpecification","valueRequired":true,"valueName":"search_term_string"}}],"inLanguage":"fr-CA"},{"@type":"Organization","@id":"https:\/\/starregistry.ca\/#organization","name":"International Star Registry Canada","url":"https:\/\/starregistry.ca\/","logo":{"@type":"ImageObject","inLanguage":"fr-CA","@id":"https:\/\/starregistry.ca\/#\/schema\/logo\/image\/","url":"https:\/\/starregistry.ca\/wp-content\/uploads\/2020\/02\/logo-black.png","contentUrl":"https:\/\/starregistry.ca\/wp-content\/uploads\/2020\/02\/logo-black.png","width":400,"height":271,"caption":"International Star Registry Canada"},"image":{"@id":"https:\/\/starregistry.ca\/#\/schema\/logo\/image\/"},"sameAs":["https:\/\/www.facebook.com\/International-Star-Registry-Canada-103650701297428"]}]}},"_links":{"self":[{"href":"https:\/\/starregistry.ca\/fr\/wp-json\/wp\/v2\/product\/1867","targetHints":{"allow":["GET"]}}],"collection":[{"href":"https:\/\/starregistry.ca\/fr\/wp-json\/wp\/v2\/product"}],"about":[{"href":"https:\/\/starregistry.ca\/fr\/wp-json\/wp\/v2\/types\/product"}],"wp:featuredmedia":[{"embeddable":true,"href":"https:\/\/starregistry.ca\/fr\/wp-json\/wp\/v2\/media\/399"}],"wp:attachment":[{"href":"https:\/\/starregistry.ca\/fr\/wp-json\/wp\/v2\/media?parent=1867"}],"wp:term":[{"taxonomy":"product_brand","embeddable":true,"href":"https:\/\/starregistry.ca\/fr\/wp-json\/wp\/v2\/product_brand?post=1867"},{"taxonomy":"product_cat","embeddable":true,"href":"https:\/\/starregistry.ca\/fr\/wp-json\/wp\/v2\/product_cat?post=1867"},{"taxonomy":"product_tag","embeddable":true,"href":"https:\/\/starregistry.ca\/fr\/wp-json\/wp\/v2\/product_tag?post=1867"}],"curies":[{"name":"wp","href":"https:\/\/api.w.org\/{rel}","templated":true}]}}