{"id":42,"date":"2019-09-20T16:11:25","date_gmt":"2019-09-20T20:11:25","guid":{"rendered":"https:\/\/starregistry.preprod.libeo.com\/?page_id=42"},"modified":"2020-03-15T14:18:26","modified_gmt":"2020-03-15T18:18:26","slug":"fondation","status":"publish","type":"page","link":"https:\/\/starregistry.ca\/fr\/fondation\/","title":{"rendered":"Fondation des \u00c9toiles filantes"},"content":{"rendered":"","protected":false},"excerpt":{"rendered":"","protected":false},"author":1,"featured_media":0,"parent":0,"menu_order":0,"comment_status":"closed","ping_status":"closed","template":"","meta":{"footnotes":""},"class_list":["post-42","page","type-page","status-publish","hentry"],"yoast_head":"<!-- This site is optimized with the Yoast SEO plugin v25.4 - https:\/\/yoast.com\/wordpress\/plugins\/seo\/ -->\n<title>Fondation des \u00c9toiles filantes - International Star Registry<\/title>\n<meta name=\"description\" content=\"Il nous arrive fr\u00e9quemment de nommer des \u00e9toiles pour des causes caritatives et humanitaires, et nous le faisons sans frais avec plaisir. Le R\u00e9seau Enfants-Retour, l\u2019organisme Partageons l\u2019espoir, la Fondation pour l\u2019enfance Starlight, des \u00e9coles et des soci\u00e9t\u00e9s protectrices des animaux partout au pays, ainsi que de tr\u00e8s nombreux groupes de soutien font partie des organismes que nous appuyons depuis des ann\u00e9es.\" \/>\n<meta name=\"robots\" content=\"index, follow, max-snippet:-1, max-image-preview:large, max-video-preview:-1\" \/>\n<link rel=\"canonical\" href=\"https:\/\/starregistry.ca\/fr\/fondation\/\" \/>\n<meta property=\"og:locale\" content=\"fr_CA\" \/>\n<meta property=\"og:type\" content=\"article\" \/>\n<meta property=\"og:title\" content=\"Fondation des \u00c9toiles filantes - International Star Registry\" \/>\n<meta property=\"og:description\" content=\"Il nous arrive fr\u00e9quemment de nommer des \u00e9toiles pour des causes caritatives et humanitaires, et nous le faisons sans frais avec plaisir. Le R\u00e9seau Enfants-Retour, l\u2019organisme Partageons l\u2019espoir, la Fondation pour l\u2019enfance Starlight, des \u00e9coles et des soci\u00e9t\u00e9s protectrices des animaux partout au pays, ainsi que de tr\u00e8s nombreux groupes de soutien font partie des organismes que nous appuyons depuis des ann\u00e9es.\" \/>\n<meta property=\"og:url\" content=\"https:\/\/starregistry.ca\/fr\/fondation\/\" \/>\n<meta property=\"og:site_name\" content=\"International Star Registry\" \/>\n<meta property=\"article:publisher\" content=\"https:\/\/www.facebook.com\/International-Star-Registry-Canada-103650701297428\" \/>\n<meta property=\"article:modified_time\" content=\"2020-03-15T18:18:26+00:00\" \/>\n<meta name=\"twitter:card\" content=\"summary_large_image\" \/>\n<script type=\"application\/ld+json\" class=\"yoast-schema-graph\">{\"@context\":\"https:\/\/schema.org\",\"@graph\":[{\"@type\":\"WebPage\",\"@id\":\"https:\/\/starregistry.ca\/fr\/fondation\/\",\"url\":\"https:\/\/starregistry.ca\/fr\/fondation\/\",\"name\":\"Fondation des \u00c9toiles filantes - International Star Registry\",\"isPartOf\":{\"@id\":\"https:\/\/starregistry.ca\/#website\"},\"datePublished\":\"2019-09-20T20:11:25+00:00\",\"dateModified\":\"2020-03-15T18:18:26+00:00\",\"description\":\"Il nous arrive fr\u00e9quemment de nommer des \u00e9toiles pour des causes caritatives et humanitaires, et nous le faisons sans frais avec plaisir. Le R\u00e9seau Enfants-Retour, l\u2019organisme Partageons l\u2019espoir, la Fondation pour l\u2019enfance Starlight, des \u00e9coles et des soci\u00e9t\u00e9s protectrices des animaux partout au pays, ainsi que de tr\u00e8s nombreux groupes de soutien font partie des organismes que nous appuyons depuis des ann\u00e9es.\",\"breadcrumb\":{\"@id\":\"https:\/\/starregistry.ca\/fr\/fondation\/#breadcrumb\"},\"inLanguage\":\"fr-CA\",\"potentialAction\":[{\"@type\":\"ReadAction\",\"target\":[\"https:\/\/starregistry.ca\/fr\/fondation\/\"]}]},{\"@type\":\"BreadcrumbList\",\"@id\":\"https:\/\/starregistry.ca\/fr\/fondation\/#breadcrumb\",\"itemListElement\":[{\"@type\":\"ListItem\",\"position\":1,\"name\":\"Home\",\"item\":\"https:\/\/starregistry.ca\/fr\/\"},{\"@type\":\"ListItem\",\"position\":2,\"name\":\"Fondation des \u00c9toiles filantes\"}]},{\"@type\":\"WebSite\",\"@id\":\"https:\/\/starregistry.ca\/#website\",\"url\":\"https:\/\/starregistry.ca\/\",\"name\":\"Canada International Star Registry\",\"description\":\"\",\"publisher\":{\"@id\":\"https:\/\/starregistry.ca\/#organization\"},\"potentialAction\":[{\"@type\":\"SearchAction\",\"target\":{\"@type\":\"EntryPoint\",\"urlTemplate\":\"https:\/\/starregistry.ca\/?s={search_term_string}\"},\"query-input\":{\"@type\":\"PropertyValueSpecification\",\"valueRequired\":true,\"valueName\":\"search_term_string\"}}],\"inLanguage\":\"fr-CA\"},{\"@type\":\"Organization\",\"@id\":\"https:\/\/starregistry.ca\/#organization\",\"name\":\"International Star Registry Canada\",\"url\":\"https:\/\/starregistry.ca\/\",\"logo\":{\"@type\":\"ImageObject\",\"inLanguage\":\"fr-CA\",\"@id\":\"https:\/\/starregistry.ca\/#\/schema\/logo\/image\/\",\"url\":\"https:\/\/starregistry.ca\/wp-content\/uploads\/2020\/02\/logo-black.png\",\"contentUrl\":\"https:\/\/starregistry.ca\/wp-content\/uploads\/2020\/02\/logo-black.png\",\"width\":400,\"height\":271,\"caption\":\"International Star Registry Canada\"},\"image\":{\"@id\":\"https:\/\/starregistry.ca\/#\/schema\/logo\/image\/\"},\"sameAs\":[\"https:\/\/www.facebook.com\/International-Star-Registry-Canada-103650701297428\"]}]}<\/script>\n<!-- \/ Yoast SEO plugin. -->","yoast_head_json":{"title":"Fondation des \u00c9toiles filantes - International Star Registry","description":"Il nous arrive fr\u00e9quemment de nommer des \u00e9toiles pour des causes caritatives et humanitaires, et nous le faisons sans frais avec plaisir. Le R\u00e9seau Enfants-Retour, l\u2019organisme Partageons l\u2019espoir, la Fondation pour l\u2019enfance Starlight, des \u00e9coles et des soci\u00e9t\u00e9s protectrices des animaux partout au pays, ainsi que de tr\u00e8s nombreux groupes de soutien font partie des organismes que nous appuyons depuis des ann\u00e9es.","robots":{"index":"index","follow":"follow","max-snippet":"max-snippet:-1","max-image-preview":"max-image-preview:large","max-video-preview":"max-video-preview:-1"},"canonical":"https:\/\/starregistry.ca\/fr\/fondation\/","og_locale":"fr_CA","og_type":"article","og_title":"Fondation des \u00c9toiles filantes - International Star Registry","og_description":"Il nous arrive fr\u00e9quemment de nommer des \u00e9toiles pour des causes caritatives et humanitaires, et nous le faisons sans frais avec plaisir. Le R\u00e9seau Enfants-Retour, l\u2019organisme Partageons l\u2019espoir, la Fondation pour l\u2019enfance Starlight, des \u00e9coles et des soci\u00e9t\u00e9s protectrices des animaux partout au pays, ainsi que de tr\u00e8s nombreux groupes de soutien font partie des organismes que nous appuyons depuis des ann\u00e9es.","og_url":"https:\/\/starregistry.ca\/fr\/fondation\/","og_site_name":"International Star Registry","article_publisher":"https:\/\/www.facebook.com\/International-Star-Registry-Canada-103650701297428","article_modified_time":"2020-03-15T18:18:26+00:00","twitter_card":"summary_large_image","schema":{"@context":"https:\/\/schema.org","@graph":[{"@type":"WebPage","@id":"https:\/\/starregistry.ca\/fr\/fondation\/","url":"https:\/\/starregistry.ca\/fr\/fondation\/","name":"Fondation des \u00c9toiles filantes - International Star Registry","isPartOf":{"@id":"https:\/\/starregistry.ca\/#website"},"datePublished":"2019-09-20T20:11:25+00:00","dateModified":"2020-03-15T18:18:26+00:00","description":"Il nous arrive fr\u00e9quemment de nommer des \u00e9toiles pour des causes caritatives et humanitaires, et nous le faisons sans frais avec plaisir. Le R\u00e9seau Enfants-Retour, l\u2019organisme Partageons l\u2019espoir, la Fondation pour l\u2019enfance Starlight, des \u00e9coles et des soci\u00e9t\u00e9s protectrices des animaux partout au pays, ainsi que de tr\u00e8s nombreux groupes de soutien font partie des organismes que nous appuyons depuis des ann\u00e9es.","breadcrumb":{"@id":"https:\/\/starregistry.ca\/fr\/fondation\/#breadcrumb"},"inLanguage":"fr-CA","potentialAction":[{"@type":"ReadAction","target":["https:\/\/starregistry.ca\/fr\/fondation\/"]}]},{"@type":"BreadcrumbList","@id":"https:\/\/starregistry.ca\/fr\/fondation\/#breadcrumb","itemListElement":[{"@type":"ListItem","position":1,"name":"Home","item":"https:\/\/starregistry.ca\/fr\/"},{"@type":"ListItem","position":2,"name":"Fondation des \u00c9toiles filantes"}]},{"@type":"WebSite","@id":"https:\/\/starregistry.ca\/#website","url":"https:\/\/starregistry.ca\/","name":"Canada International Star Registry","description":"","publisher":{"@id":"https:\/\/starregistry.ca\/#organization"},"potentialAction":[{"@type":"SearchAction","target":{"@type":"EntryPoint","urlTemplate":"https:\/\/starregistry.ca\/?s={search_term_string}"},"query-input":{"@type":"PropertyValueSpecification","valueRequired":true,"valueName":"search_term_string"}}],"inLanguage":"fr-CA"},{"@type":"Organization","@id":"https:\/\/starregistry.ca\/#organization","name":"International Star Registry Canada","url":"https:\/\/starregistry.ca\/","logo":{"@type":"ImageObject","inLanguage":"fr-CA","@id":"https:\/\/starregistry.ca\/#\/schema\/logo\/image\/","url":"https:\/\/starregistry.ca\/wp-content\/uploads\/2020\/02\/logo-black.png","contentUrl":"https:\/\/starregistry.ca\/wp-content\/uploads\/2020\/02\/logo-black.png","width":400,"height":271,"caption":"International Star Registry Canada"},"image":{"@id":"https:\/\/starregistry.ca\/#\/schema\/logo\/image\/"},"sameAs":["https:\/\/www.facebook.com\/International-Star-Registry-Canada-103650701297428"]}]}},"_links":{"self":[{"href":"https:\/\/starregistry.ca\/fr\/wp-json\/wp\/v2\/pages\/42","targetHints":{"allow":["GET"]}}],"collection":[{"href":"https:\/\/starregistry.ca\/fr\/wp-json\/wp\/v2\/pages"}],"about":[{"href":"https:\/\/starregistry.ca\/fr\/wp-json\/wp\/v2\/types\/page"}],"author":[{"embeddable":true,"href":"https:\/\/starregistry.ca\/fr\/wp-json\/wp\/v2\/users\/1"}],"replies":[{"embeddable":true,"href":"https:\/\/starregistry.ca\/fr\/wp-json\/wp\/v2\/comments?post=42"}],"version-history":[{"count":3,"href":"https:\/\/starregistry.ca\/fr\/wp-json\/wp\/v2\/pages\/42\/revisions"}],"predecessor-version":[{"id":468,"href":"https:\/\/starregistry.ca\/fr\/wp-json\/wp\/v2\/pages\/42\/revisions\/468"}],"wp:attachment":[{"href":"https:\/\/starregistry.ca\/fr\/wp-json\/wp\/v2\/media?parent=42"}],"curies":[{"name":"wp","href":"https:\/\/api.w.org\/{rel}","templated":true}]}}