{"id":36,"date":"2019-09-20T16:09:59","date_gmt":"2019-09-20T20:09:59","guid":{"rendered":"https:\/\/starregistry.preprod.libeo.com\/?page_id=36"},"modified":"2022-12-12T15:09:33","modified_gmt":"2022-12-12T20:09:33","slug":"temoignages","status":"publish","type":"page","link":"https:\/\/starregistry.ca\/fr\/temoignages\/","title":{"rendered":"T\u00e9moignages"},"content":{"rendered":"","protected":false},"excerpt":{"rendered":"","protected":false},"author":1,"featured_media":0,"parent":0,"menu_order":0,"comment_status":"closed","ping_status":"closed","template":"","meta":{"footnotes":""},"class_list":["post-36","page","type-page","status-publish","hentry"],"yoast_head":"<!-- This site is optimized with the Yoast SEO plugin v25.4 - https:\/\/yoast.com\/wordpress\/plugins\/seo\/ -->\n<title>T\u00e9moignages - International Star Registry<\/title>\n<meta name=\"description\" content=\"\u2026 J\u2019avais entendu parler de vous \u00e0 la t\u00e9l\u00e9vision, et on a d\u00e9cid\u00e9, plut\u00f4t que d\u2019offrir des fleurs, de nommer l\u2019\u00e9toile pour \u2018Grand-Maman\u2019. En cette p\u00e9riode de deuil, toute la famille a appr\u00e9ci\u00e9 ce geste, et Sarah sait maintenant que Grand-Maman veille sur elle de l\u00e0-haut.\" \/>\n<meta name=\"robots\" content=\"index, follow, max-snippet:-1, max-image-preview:large, max-video-preview:-1\" \/>\n<link rel=\"canonical\" href=\"https:\/\/starregistry.ca\/fr\/temoignages\/\" \/>\n<meta property=\"og:locale\" content=\"fr_CA\" \/>\n<meta property=\"og:type\" content=\"article\" \/>\n<meta property=\"og:title\" content=\"T\u00e9moignages - International Star Registry\" \/>\n<meta property=\"og:description\" content=\"\u2026 J\u2019avais entendu parler de vous \u00e0 la t\u00e9l\u00e9vision, et on a d\u00e9cid\u00e9, plut\u00f4t que d\u2019offrir des fleurs, de nommer l\u2019\u00e9toile pour \u2018Grand-Maman\u2019. En cette p\u00e9riode de deuil, toute la famille a appr\u00e9ci\u00e9 ce geste, et Sarah sait maintenant que Grand-Maman veille sur elle de l\u00e0-haut.\" \/>\n<meta property=\"og:url\" content=\"https:\/\/starregistry.ca\/fr\/temoignages\/\" \/>\n<meta property=\"og:site_name\" content=\"International Star Registry\" \/>\n<meta property=\"article:publisher\" content=\"https:\/\/www.facebook.com\/International-Star-Registry-Canada-103650701297428\" \/>\n<meta property=\"article:modified_time\" content=\"2022-12-12T20:09:33+00:00\" \/>\n<meta name=\"twitter:card\" content=\"summary_large_image\" \/>\n<script type=\"application\/ld+json\" class=\"yoast-schema-graph\">{\"@context\":\"https:\/\/schema.org\",\"@graph\":[{\"@type\":\"WebPage\",\"@id\":\"https:\/\/starregistry.ca\/fr\/temoignages\/\",\"url\":\"https:\/\/starregistry.ca\/fr\/temoignages\/\",\"name\":\"T\u00e9moignages - International Star Registry\",\"isPartOf\":{\"@id\":\"https:\/\/starregistry.ca\/#website\"},\"datePublished\":\"2019-09-20T20:09:59+00:00\",\"dateModified\":\"2022-12-12T20:09:33+00:00\",\"description\":\"\u2026 J\u2019avais entendu parler de vous \u00e0 la t\u00e9l\u00e9vision, et on a d\u00e9cid\u00e9, plut\u00f4t que d\u2019offrir des fleurs, de nommer l\u2019\u00e9toile pour \u2018Grand-Maman\u2019. En cette p\u00e9riode de deuil, toute la famille a appr\u00e9ci\u00e9 ce geste, et Sarah sait maintenant que Grand-Maman veille sur elle de l\u00e0-haut.\",\"breadcrumb\":{\"@id\":\"https:\/\/starregistry.ca\/fr\/temoignages\/#breadcrumb\"},\"inLanguage\":\"fr-CA\",\"potentialAction\":[{\"@type\":\"ReadAction\",\"target\":[\"https:\/\/starregistry.ca\/fr\/temoignages\/\"]}]},{\"@type\":\"BreadcrumbList\",\"@id\":\"https:\/\/starregistry.ca\/fr\/temoignages\/#breadcrumb\",\"itemListElement\":[{\"@type\":\"ListItem\",\"position\":1,\"name\":\"Home\",\"item\":\"https:\/\/starregistry.ca\/fr\/\"},{\"@type\":\"ListItem\",\"position\":2,\"name\":\"T\u00e9moignages\"}]},{\"@type\":\"WebSite\",\"@id\":\"https:\/\/starregistry.ca\/#website\",\"url\":\"https:\/\/starregistry.ca\/\",\"name\":\"Canada International Star Registry\",\"description\":\"\",\"publisher\":{\"@id\":\"https:\/\/starregistry.ca\/#organization\"},\"potentialAction\":[{\"@type\":\"SearchAction\",\"target\":{\"@type\":\"EntryPoint\",\"urlTemplate\":\"https:\/\/starregistry.ca\/?s={search_term_string}\"},\"query-input\":{\"@type\":\"PropertyValueSpecification\",\"valueRequired\":true,\"valueName\":\"search_term_string\"}}],\"inLanguage\":\"fr-CA\"},{\"@type\":\"Organization\",\"@id\":\"https:\/\/starregistry.ca\/#organization\",\"name\":\"International Star Registry Canada\",\"url\":\"https:\/\/starregistry.ca\/\",\"logo\":{\"@type\":\"ImageObject\",\"inLanguage\":\"fr-CA\",\"@id\":\"https:\/\/starregistry.ca\/#\/schema\/logo\/image\/\",\"url\":\"https:\/\/starregistry.ca\/wp-content\/uploads\/2020\/02\/logo-black.png\",\"contentUrl\":\"https:\/\/starregistry.ca\/wp-content\/uploads\/2020\/02\/logo-black.png\",\"width\":400,\"height\":271,\"caption\":\"International Star Registry Canada\"},\"image\":{\"@id\":\"https:\/\/starregistry.ca\/#\/schema\/logo\/image\/\"},\"sameAs\":[\"https:\/\/www.facebook.com\/International-Star-Registry-Canada-103650701297428\"]}]}<\/script>\n<!-- \/ Yoast SEO plugin. -->","yoast_head_json":{"title":"T\u00e9moignages - International Star Registry","description":"\u2026 J\u2019avais entendu parler de vous \u00e0 la t\u00e9l\u00e9vision, et on a d\u00e9cid\u00e9, plut\u00f4t que d\u2019offrir des fleurs, de nommer l\u2019\u00e9toile pour \u2018Grand-Maman\u2019. En cette p\u00e9riode de deuil, toute la famille a appr\u00e9ci\u00e9 ce geste, et Sarah sait maintenant que Grand-Maman veille sur elle de l\u00e0-haut.","robots":{"index":"index","follow":"follow","max-snippet":"max-snippet:-1","max-image-preview":"max-image-preview:large","max-video-preview":"max-video-preview:-1"},"canonical":"https:\/\/starregistry.ca\/fr\/temoignages\/","og_locale":"fr_CA","og_type":"article","og_title":"T\u00e9moignages - International Star Registry","og_description":"\u2026 J\u2019avais entendu parler de vous \u00e0 la t\u00e9l\u00e9vision, et on a d\u00e9cid\u00e9, plut\u00f4t que d\u2019offrir des fleurs, de nommer l\u2019\u00e9toile pour \u2018Grand-Maman\u2019. En cette p\u00e9riode de deuil, toute la famille a appr\u00e9ci\u00e9 ce geste, et Sarah sait maintenant que Grand-Maman veille sur elle de l\u00e0-haut.","og_url":"https:\/\/starregistry.ca\/fr\/temoignages\/","og_site_name":"International Star Registry","article_publisher":"https:\/\/www.facebook.com\/International-Star-Registry-Canada-103650701297428","article_modified_time":"2022-12-12T20:09:33+00:00","twitter_card":"summary_large_image","schema":{"@context":"https:\/\/schema.org","@graph":[{"@type":"WebPage","@id":"https:\/\/starregistry.ca\/fr\/temoignages\/","url":"https:\/\/starregistry.ca\/fr\/temoignages\/","name":"T\u00e9moignages - International Star Registry","isPartOf":{"@id":"https:\/\/starregistry.ca\/#website"},"datePublished":"2019-09-20T20:09:59+00:00","dateModified":"2022-12-12T20:09:33+00:00","description":"\u2026 J\u2019avais entendu parler de vous \u00e0 la t\u00e9l\u00e9vision, et on a d\u00e9cid\u00e9, plut\u00f4t que d\u2019offrir des fleurs, de nommer l\u2019\u00e9toile pour \u2018Grand-Maman\u2019. En cette p\u00e9riode de deuil, toute la famille a appr\u00e9ci\u00e9 ce geste, et Sarah sait maintenant que Grand-Maman veille sur elle de l\u00e0-haut.","breadcrumb":{"@id":"https:\/\/starregistry.ca\/fr\/temoignages\/#breadcrumb"},"inLanguage":"fr-CA","potentialAction":[{"@type":"ReadAction","target":["https:\/\/starregistry.ca\/fr\/temoignages\/"]}]},{"@type":"BreadcrumbList","@id":"https:\/\/starregistry.ca\/fr\/temoignages\/#breadcrumb","itemListElement":[{"@type":"ListItem","position":1,"name":"Home","item":"https:\/\/starregistry.ca\/fr\/"},{"@type":"ListItem","position":2,"name":"T\u00e9moignages"}]},{"@type":"WebSite","@id":"https:\/\/starregistry.ca\/#website","url":"https:\/\/starregistry.ca\/","name":"Canada International Star Registry","description":"","publisher":{"@id":"https:\/\/starregistry.ca\/#organization"},"potentialAction":[{"@type":"SearchAction","target":{"@type":"EntryPoint","urlTemplate":"https:\/\/starregistry.ca\/?s={search_term_string}"},"query-input":{"@type":"PropertyValueSpecification","valueRequired":true,"valueName":"search_term_string"}}],"inLanguage":"fr-CA"},{"@type":"Organization","@id":"https:\/\/starregistry.ca\/#organization","name":"International Star Registry Canada","url":"https:\/\/starregistry.ca\/","logo":{"@type":"ImageObject","inLanguage":"fr-CA","@id":"https:\/\/starregistry.ca\/#\/schema\/logo\/image\/","url":"https:\/\/starregistry.ca\/wp-content\/uploads\/2020\/02\/logo-black.png","contentUrl":"https:\/\/starregistry.ca\/wp-content\/uploads\/2020\/02\/logo-black.png","width":400,"height":271,"caption":"International Star Registry Canada"},"image":{"@id":"https:\/\/starregistry.ca\/#\/schema\/logo\/image\/"},"sameAs":["https:\/\/www.facebook.com\/International-Star-Registry-Canada-103650701297428"]}]}},"_links":{"self":[{"href":"https:\/\/starregistry.ca\/fr\/wp-json\/wp\/v2\/pages\/36","targetHints":{"allow":["GET"]}}],"collection":[{"href":"https:\/\/starregistry.ca\/fr\/wp-json\/wp\/v2\/pages"}],"about":[{"href":"https:\/\/starregistry.ca\/fr\/wp-json\/wp\/v2\/types\/page"}],"author":[{"embeddable":true,"href":"https:\/\/starregistry.ca\/fr\/wp-json\/wp\/v2\/users\/1"}],"replies":[{"embeddable":true,"href":"https:\/\/starregistry.ca\/fr\/wp-json\/wp\/v2\/comments?post=36"}],"version-history":[{"count":3,"href":"https:\/\/starregistry.ca\/fr\/wp-json\/wp\/v2\/pages\/36\/revisions"}],"predecessor-version":[{"id":3554,"href":"https:\/\/starregistry.ca\/fr\/wp-json\/wp\/v2\/pages\/36\/revisions\/3554"}],"wp:attachment":[{"href":"https:\/\/starregistry.ca\/fr\/wp-json\/wp\/v2\/media?parent=36"}],"curies":[{"name":"wp","href":"https:\/\/api.w.org\/{rel}","templated":true}]}}